{"id":13962,"date":"2020-04-20T09:02:10","date_gmt":"2020-04-20T07:02:10","guid":{"rendered":"http:\/\/ifb.uni-erlangen.de\/?page_id=13962"},"modified":"2025-04-29T17:33:10","modified_gmt":"2025-04-29T15:33:10","slug":"news","status":"publish","type":"page","link":"https:\/\/www.freie-berufe.com\/en\/ueber-uns\/news\/","title":{"rendered":"News"},"content":{"rendered":"<section class=\"l-section wpb_row height_medium\"><div class=\"l-section-h i-cf\"><div class=\"g-cols vc_row via_grid cols_1 laptops-cols_inherit tablets-cols_inherit mobiles-cols_1 valign_top type_default stacking_default\"><div class=\"wpb_column vc_column_container\"><div class=\"vc_column-inner\"><div class=\"wpb_text_column\"><div class=\"wpb_wrapper\"><h3><strong>Read our News:<\/strong><\/h3>\n<\/div><\/div><\/div><\/div><\/div><\/div><\/section><section class=\"l-section wpb_row height_medium\"><div class=\"l-section-h i-cf\"><div class=\"g-cols vc_row via_grid cols_1 laptops-cols_inherit tablets-cols_inherit mobiles-cols_1 valign_top type_default stacking_default\"><div class=\"wpb_column vc_column_container\"><div class=\"vc_column-inner\"><div class=\"w-tabs style_default switch_click accordion has_scrolling\" style=\"--sections-title-size:inherit\"><div class=\"w-tabs-sections titles-align_none icon_chevron cpos_right\"><div class=\"w-tabs-section\" id=\"d263\"><button class=\"w-tabs-section-header\" aria-controls=\"content-d263\" aria-expanded=\"false\"><div class=\"w-tabs-section-title\">\u00dcbersicht der Corona-Hilfen 2021<\/div><div class=\"w-tabs-section-control\"><\/div><\/button><div  class=\"w-tabs-section-content\" id=\"content-d263\"><div class=\"w-tabs-section-content-h i-cf\"><div class=\"wpb_text_column\"><div class=\"wpb_wrapper\"><p><a href=\"https:\/\/www.freie-berufe.com\/wp-content\/uploads\/\u00dcbersicht-der-Corona-Hilfen-2021.pdf\" target=\"_blank\" rel=\"noopener\">Corona-Hilfen f\u00fcr Soloselbst\u00e4ndige, Freiberufler und kleine Unternehmen bis zehn Besch\u00e4ftigte<\/a><\/p>\n<\/div><\/div><\/div><\/div><\/div><div class=\"w-tabs-section\" id=\"n311\"><button class=\"w-tabs-section-header\" aria-controls=\"content-n311\" aria-expanded=\"false\"><div class=\"w-tabs-section-title\">Neue IFB-Studie: Corona in den Freien Berufen<\/div><div class=\"w-tabs-section-control\"><\/div><\/button><div  class=\"w-tabs-section-content\" id=\"content-n311\"><div class=\"w-tabs-section-content-h i-cf\"><div class=\"wpb_text_column\"><div class=\"wpb_wrapper\"><p><a href=\"https:\/\/www.freie-berufe.com\/wp-content\/uploads\/HB-16.06.2020-006-Freiberufler_schlagen_Alar-2127307107-Verlags-Artikel.pdf\" target=\"_blank\" rel=\"noopener\">Corona in den Freien Berufen<\/a><\/p>\n<\/div><\/div><\/div><\/div><\/div><div class=\"w-tabs-section\" id=\"l71e\"><button class=\"w-tabs-section-header\" aria-controls=\"content-l71e\" aria-expanded=\"false\"><div class=\"w-tabs-section-title\">Interview mit Michael Schwarz, Pr\u00e4sident des Verbands Freie Berufe in Bayern e.V. zur Situation der Freien Berufe in der Corona-Krise<\/div><div class=\"w-tabs-section-control\"><\/div><\/button><div  class=\"w-tabs-section-content\" id=\"content-l71e\"><div class=\"w-tabs-section-content-h i-cf\"><div class=\"w-image align_left us_animate_afl\"><div class=\"w-image-h\"><img decoding=\"async\" width=\"200\" height=\"300\" src=\"https:\/\/www.freie-berufe.com\/wp-content\/uploads\/Schwarz_MIchael_01-200x300.jpg\" class=\"attachment-medium size-medium\" alt=\"\" loading=\"lazy\" srcset=\"https:\/\/www.freie-berufe.com\/wp-content\/uploads\/Schwarz_MIchael_01-200x300.jpg 200w, https:\/\/www.freie-berufe.com\/wp-content\/uploads\/Schwarz_MIchael_01-600x900.jpg 600w, https:\/\/www.freie-berufe.com\/wp-content\/uploads\/Schwarz_MIchael_01-683x1024.jpg 683w, https:\/\/www.freie-berufe.com\/wp-content\/uploads\/Schwarz_MIchael_01.jpg 1654w\" sizes=\"auto, (max-width: 200px) 100vw, 200px\" \/><\/div><\/div><div class=\"wpb_text_column justify\"><div class=\"wpb_wrapper\"><p><em>Aktuelles Interview: VFB-Pr\u00e4sident Schwarz beantwortet aktuelle Fragen des IFB zur Situation der Freien Berufe in der Corona-Krise<\/em><\/p>\n<p><strong>1.) <\/strong><strong>Herr Schwarz, als Pr\u00e4sident des Verbandes Freier Berufe in Bayern sind Sie t\u00e4glich mit Vertretern der Organisationen der Freien Berufe in Kontakt. Wie sieht die Lage aktuell f\u00fcr die Freien Berufe aus?<br \/>\n<\/strong> Zu den Auswirkungen der Corona-Krise hat der VFB kurzfristig eine Umfrage bei seinen Mitgliedsorganisationen durchgef\u00fchrt. Aus dieser ergibt sich, dass ausnahmslos alle Berufsgruppen der Freien Berufe mit Einbu\u00dfen rechnen. Teils sehr akut, teils in der n\u00e4chsten Zeit, wenn die Krise noch massiver durchschl\u00e4gt. So erwarten 100 % der Befragten, dass sie durch die Corona Epidemie bzw. deren Auswirkungen relevante bzw. das Fortbestehen gef\u00e4hrdende wirtschaftliche Einbu\u00dfen erleiden. 42 % erwarten sehr stark, 33 % stark und 25 % mittelstark betroffen zu sein. 85,7 % der Befragten geben an, dass bereits jetzt akut Auftr\u00e4ge wegbrechen. Bei 14 % der Befragten brechen sogar 80 \u2013 100 % der Auftr\u00e4ge weg, bei 43 % bricht 30-50 % des Auftragsvolumens weg. Das Adjektiv \u201edramatisch\u201c bezeichnet diese Einsch\u00e4tzung leider sehr zutreffend. Einziger Lichtblick ist die Tatsache, dass insbesondere einige medizinische Berufsgruppen als systemrelevant eingestuft werden und deshalb weniger von Auftragseinbr\u00fcchen betroffen sind. Diese Kollegen leiden daf\u00fcr sehr oft an einer schier au\u00dfergew\u00f6hnlichen Mehrbelastung durch ihren Dienst an der Allgemeinheit. Sie stehen in diesen Zeiten als Krisenmanager Tag und Nacht im Einsatz. Allerdings ist auch hier eine differenzierte Betrachtung notwendig: So leiden niedergelassene \u00c4rzte, Zahn\u00e4rzte und Physiotherapeuten unter Einnahmeeinbu\u00dfen: viele Patienten verschieben Vorsorgetermine oder sagen diese ab. \u00a0\u00a0\u00a0 Bei allen aktuellen Problemen registriere ich insgesamt aber auch einen erstaunlichen gesellschaftlichen Konsens und guten Zusammenhalt, auch Vertrauen in die Verantwortlichen, egal wo sie gerade wirken. \u00a0Das macht Mut und den brauchen wir auch f\u00fcr die n\u00e4chsten Monate. Die Expertise und die Flexibilit\u00e4t von uns Freiberuflern wird auch in Zukunft, vielleicht sogar noch st\u00e4rker, gefragt sein. Die besondere Bedeutung der Freien Berufe wird Politik und Gesellschaft einmal mehr bewusst werden. Aus freiberuflicher Sicht eine gute Erfahrung in dieser Krise.<\/p>\n<p><strong>2.) Welche <\/strong><strong>Angeh\u00f6rigen der Freien Berufe haben besonders starke Umsatzeinbu\u00dfen?<br \/>\n<\/strong>Hier sind wohl in erster Linie unsere Kreativberufe zu nennen. K\u00fcnstler, die sich ohnehin oftmals in einer prek\u00e4ren wirtschaftlichen Situation befinden. Obwohl medizinisch vorallem die Heilberufe insgesamt extrem beansprucht sind, \u00c4rzte und Apotheker, die sich an vorderster Front und mit unvorstellbarem pers\u00f6nlichen Einsatz f\u00fcr unsere Gesellschaft einbringen, leiden trotzdem, wie bereits erw\u00e4hnt viele niedergelassene \u00c4rzte, Zahn\u00e4rzte und Physiotherapeuten, unter starken Einnahmeeinbu\u00dfen: viele Patienten verschieben in der momentanen Situation Vorsorgetermine oder sagen diese ab.\u00a0\u00a0\u00a0 Neben den Heilberufen werden auch die beratenden und technischen Berufe starke Umsatzeinbu\u00dfen erleben, die sichaber erst zeitversetzt bemerkbar machen: Denn w\u00e4hrend bei Teilen der Freien Berufe Absagen, Stornierungen, durch Corona bedingte Unterbrechungen oder Beschr\u00e4nkungen des Betriebs zu sofortigen Umsatzr\u00fcckg\u00e4ngen und Liquidit\u00e4tsengp\u00e4ssen f\u00fchren, treten diese Folgen bei beratenden und technischen Freien Berufen aber eben auch bei \u00c4rzten, zumeist um wenige Monate zeitversetzt ein. Dies h\u00e4ngt damit zusammen, dass hier Verg\u00fctungen regelm\u00e4\u00dfig erst nachlaufend, hei\u00dft mit der Quartalsabrechnung oder nach Abschluss der Leistungserbringung f\u00e4llig und in Rechnung gestellt werden. So schickt beispielsweise der Rechtsanwalt die Kostennote nach Ende des Mandats, so stellt der Architekt seine Planungsleistungen erst nach Abnahme in Rechnung. Dies f\u00fchrt dazu, dass bei wirtschaftlichen Folgen der Corona-Krise (nicht beglichene Rechnungen durch von der Krise getroffenen Auftraggebern, keine Erteilung von Folgeauftr\u00e4gen f\u00fcr Planungsleistungen mangels Sitzungen und Beschl\u00fcssen von Gemeinder\u00e4ten u. \u00e4.) und\/oder bei infektionsschutzrechtlichen Eingriffen (T\u00e4tigkeitsuntersagung, Quarant\u00e4neanordnung, Betriebsschlie\u00dfung) die Umsatzr\u00fcckg\u00e4nge und die darauf beruhende Liquidit\u00e4tsverknappung noch nicht sofort, sondern erst zu dem Zeitpunkt eintreten, zu dem bei regelm\u00e4\u00dfigem Verlauf die Honorare eingehen w\u00fcrden, die dann wegen des Auftragsausfalls im M\u00e4rz und zumindest wohl auch April ausbleiben.<\/p>\n<p><strong>3.) <\/strong><strong>Wie lange werden diese finanziellen Einbu\u00dfen voraussichtlich andauern?<br \/>\n<\/strong> Diese Frage l\u00e4sst sich in der jetzigen Situation kaum beantworten, h\u00e4ngt doch alles ma\u00dfgeblich davon ab, ob die momentanen Restriktionen Wirkung zeigen oder verl\u00e4ngert werden m\u00fcssen. Wie bereits erw\u00e4hnt sind die wirtschaftlichen Folgen f\u00fcr uns Freiberufler aber bestimmt noch lange Zeit kr\u00e4ftig sp\u00fcrbar. Ein wenig positiv stimmt mich in diesem Zusammenhang allein die Tatsache, dass den Freien Berufen eine enorm wichtige Bedeutung f\u00fcr die Gesellschaft und das Gemeinwohl zukommt und wir aus dieser Anerkennung in der Gesellschaft f\u00fcr die zuk\u00fcnftige Entwicklung Kraft und St\u00e4rke gewinnen k\u00f6nnen. Neben den Angeh\u00f6rigen der Heilberufe, die aktuell ganz selbstverst\u00e4ndlich und in gro\u00dfem Ma\u00dfe diese Anerkennung erfahren, sind aber auch viele andere Berufsgruppen in einer vergleichbaren Situation: \u00a0In beratenden Berufen t\u00e4tige Freiberufler, die den Menschen bei der Beantragung der staatlichen Hilfen oder notwendigen arbeitsrechtlichen, insolvenzrechtlichen oder steuerlichen Ma\u00dfnahmen zur Seite stehen oder die Angeh\u00f6rigen der technischen Freien Berufe, denen eine elementare Rolle beim wirtschaftlichen Neustart zukommen wird, da es ohne rasche Nachholung der aufgeschobenen Planungsleistungen keinen umgehenden Fortgang bei den Infrastruktur- und sonstigen Bauma\u00dfnahmen geben kann. Die Freien Berufe werden auch in dieser schwierigen Situation beweisen, welch gewichtige Bedeutung ihnen f\u00fcr die Erholung der Wirtschaft und die Sicherung der Arbeitspl\u00e4tze zukommt.<\/p>\n<p><strong>4.) <\/strong><strong>Der Verband Freier Berufe in Bayern hat sich daf\u00fcr eingesetzt, dass Kredite aus Bundesmitteln und Zusch\u00fcsse aus Mitteln des Freistaats bereitgestellt werden, um die Situation der Freiberufler zu verbessern. Sind sie zufrieden mit den Soforthilfen, die ein betr\u00e4chtliches Volumen aufweisen?<br \/>\n<\/strong> Der VFB hat sich von Anfang an f\u00fcr eine Soforthilfe f\u00fcr die Freien Berufe eingesetzt &#8211; auf Bundesebene zusammen mit dem Bundesverband der Freien Berufe und auf Landesebene alsMitglied in der Taskforce der Bayerischen Staatsregierung. In dieser hatte ich pers\u00f6nlich die Gelegenheit bei den regelm\u00e4\u00dfig stattfindenden Krisensitzungen die Betroffenheit der Freien Berufe darzustellen.\u00a0 Der VFB begr\u00fc\u00dft die Soforthilfe der Bundesregierung und der Bayerischen Staatsregierung f\u00fcr kleine Unternehmen, Selbstst\u00e4ndige und Freiberufler. Sie ist definitiv ein wichtiges unb\u00fcrokratisches und schnelles Instrument, um besonders die Freiberufler am Markt zu halten, die keine kreditfinanzierten Hilfen in Anspruch nehmen k\u00f6nnen und ihre laufenden Kosten decken m\u00fcssen. Diese Zusch\u00fcsse sind wertvoll, um kurzfristig Existenzen zu sichern, die durch die Krise unverschuldet in Schr\u00e4glage geraten sind. Allerdings werden die Betr\u00e4ge von 9.000 Euro beziehungsweise 15.000 Euro dieser Einmalzahlung angesichts laufender Kosten, denen teilweise stark reduzierte oder auch komplett entfallende Einnahmen gegen\u00fcberstehen, bei vielen nur einen kurzen Zeitraum abdecken k\u00f6nnen. Und Freiberufler berichten, dass die Voraussetzungen daf\u00fcr nicht ausreichend bekannt seien. \u201eEine Herausforderung besteht auch darin, dass bei Solo-Selbstst\u00e4ndigen private und betriebliche Kosten nicht trennscharf abzugrenzen sind, die Soforthilfe aber dazu dient, Betriebskosten aufzufangen. So l\u00e4sst sich die Liquidit\u00e4tsl\u00fccke teils nicht so einfach berechnen oder es kommt eben ausschlie\u00dflich die Grundsicherung in Frage.<\/p>\n<p><strong>5.) Das Verfahren war in Bayern etwas kompliziert, weil die Regierungsbezirke zust\u00e4ndig sind. Wurde das Verfahren mittlerweile beschleunigt?<\/strong> Sie haben Recht, dass das Antragsverfahren zu Beginn kompliziert war. Dies resultierte daraus, dass nach der Bayerischen Staatsregierung auch die Bundesregierung ein Soforthilfeprogramm f\u00fcr Betriebe und Freiberufler aufgelegt hat. Diese beiden Programme mussten erst miteinander verzahnt werden. Hieran wurde aber mit Hochdruck gearbeitet, so dass die Verzahnung der beiden Programme in Bayern jetzt seit dem 31. M\u00e4rz 2020 h\u00f6here Zahlungen erm\u00f6glicht. Au\u00dferdem k\u00f6nnen Antr\u00e4ge auf die Corona-Soforthilfe des Freistaates Bayern und der Bundesregierung seit dem 31. M\u00e4rz 2020 \u00fcber ein kombiniertes Online-Formular gestellt werden. Vorher musste hierf\u00fcr ein separater Pdf-Antrag eingereicht werden. Das neue Online-Formular hat das Verfahren insoweit erleichtert, dass nach der Eingabe der Anzahl der Besch\u00e4ftigten das Programm automatisch erkennt und entscheidet, ob das bayerische oder bundesdeutsche Soforthilfe-Programm zur Anwendung kommt. Es erscheint automatisch das einschl\u00e4gige Antragsformular. Eine Beschleunigung wurde auch dadurch erreicht, dass bei Betrieben bis zu zehn Mitarbeitern auf eine Verm\u00f6genspr\u00fcfung verzichtet wird. Allerdings steigt die Zahl der Antr\u00e4ge t\u00e4glich. Diese Antragsflut muss mittels bestehender Kapazit\u00e4ten erst einmal bew\u00e4ltigt werden. So k\u00f6nnen bis zur Auszahlung der Soforthilfe bis zu zwei Wochen vergehen, was angesichts der Masse aber immer noch als beschleunigt eingestuft werden kann.<\/p>\n<p><strong>6.) Wie beurteilen Sie die Beratung und die Leistungsf\u00e4higkeit der zust\u00e4ndigen Stellen?<br \/>\n<\/strong> Wie gesagt, l\u00e4sst sich insgesamt sagen, dass alle Systeme verst\u00e4ndlicherweise am oder oft auch \u00fcber dem Limit arbeiten, weil solche F\u00e4lle im Normal- oder Notstandsbetrieb nicht vorgesehen waren, und schon gar kein Personal daf\u00fcr vorgehalten werden konnte. Die Antragszahlen auf Soforthilfe, Kredite und Kurzarbeit sind sehr hoch und der Beratungsbedarf ist intensiv. Aber auch die Banken beraten hier sehr intensiv, denn die Pr\u00fcfung der Kreditw\u00fcrdigkeit hat weiterhin die Hausbank durchzuf\u00fchren, lediglich die zus\u00e4tzliche Pr\u00fcfung durch die LfA F\u00f6rderbank und die KfW entfallen zurzeit. T\u00e4glich werden \u00fcber tausend Kreditantr\u00e4ge bearbeitet und es wurden bereits 700 Millionen ausgereicht. Trotzdem, es wird alles versucht, diese Flut an Antr\u00e4gen so schnell und effektiv wie m\u00f6glich Unterst\u00fctzung zu leisten. Die Zahlungswege werden weiter beschleunigt, trotzdem wird es aber bei der Flut der Antr\u00e4ge 10-14 Tage dauern, bis die Soforthilfe angekommen ist. Das Ministerium arbeitet daran, den Arbeitsprozess auf allen Ebenen zu straffen, so auch die Banken. Zusammengefasst muss man feststellen, dass sich wirklich ausnahmslos alle Beteiligten f\u00fcr eine bestm\u00f6gliche Beratung und Leistungsf\u00e4higkeit einsetzen. Dass wir angesichts des Ausma\u00dfes aktuell aber auch an Grenzen sto\u00dfen und sicher nicht jeden gleicherma\u00dfen zufriedenstellen k\u00f6nnen, ist nachvollziehbar. Aber auch hier arbeiten alle Beteiligten daran, hier bestm\u00f6glich nachzujustieren.<\/p>\n<p><strong>7.) <\/strong><strong>Welche R\u00fcckmeldungen haben Sie zur Rolle des IFB in der Corona-Krise erhalten?<br \/>\n<\/strong> Momentan erreichen unseren Verband zahlreiche Anrufe und Anfragen von Freiberuflern, die um Unterst\u00fctzung und Beratung bitten. Da wir bekanntlich ein Dachverband der bayerischen Freiberuflerkammern und -verb\u00e4nde sind und eine individuelle Beratung nur in sehr beschr\u00e4nktem Umfang leisten k\u00f6nnen, sind wir sehr dankbar, dass wir das IFB hier an unserer Seite wissen, das mit seiner Corona-Hotline hier wertvolle Arbeit leistet.<\/p>\n<\/div><\/div><\/div><\/div><\/div><\/div><\/div><\/div><\/div><\/div><\/div><\/section>\n","protected":false},"excerpt":{"rendered":"Read our News: \u00dcbersicht der Corona-Hilfen 2021Corona-Hilfen f\u00fcr Soloselbst\u00e4ndige, Freiberufler und kleine Unternehmen bis zehn Besch\u00e4ftigte Neue IFB-Studie: Corona in den Freien BerufenCorona in den Freien Berufen Interview mit Michael Schwarz, Pr\u00e4sident des Verbands Freie Berufe in Bayern e.V. zur Situation der Freien Berufe in der Corona-KriseAktuelles Interview: VFB-Pr\u00e4sident Schwarz beantwortet aktuelle Fragen des IFB...","protected":false},"author":4,"featured_media":0,"parent":836,"menu_order":0,"comment_status":"closed","ping_status":"closed","template":"","meta":{"footnotes":""},"class_list":["post-13962","page","type-page","status-publish","hentry"],"_links":{"self":[{"href":"https:\/\/www.freie-berufe.com\/en\/wp-json\/wp\/v2\/pages\/13962","targetHints":{"allow":["GET"]}}],"collection":[{"href":"https:\/\/www.freie-berufe.com\/en\/wp-json\/wp\/v2\/pages"}],"about":[{"href":"https:\/\/www.freie-berufe.com\/en\/wp-json\/wp\/v2\/types\/page"}],"author":[{"embeddable":true,"href":"https:\/\/www.freie-berufe.com\/en\/wp-json\/wp\/v2\/users\/4"}],"replies":[{"embeddable":true,"href":"https:\/\/www.freie-berufe.com\/en\/wp-json\/wp\/v2\/comments?post=13962"}],"version-history":[{"count":1,"href":"https:\/\/www.freie-berufe.com\/en\/wp-json\/wp\/v2\/pages\/13962\/revisions"}],"predecessor-version":[{"id":34123,"href":"https:\/\/www.freie-berufe.com\/en\/wp-json\/wp\/v2\/pages\/13962\/revisions\/34123"}],"up":[{"embeddable":true,"href":"https:\/\/www.freie-berufe.com\/en\/wp-json\/wp\/v2\/pages\/836"}],"wp:attachment":[{"href":"https:\/\/www.freie-berufe.com\/en\/wp-json\/wp\/v2\/media?parent=13962"}],"curies":[{"name":"wp","href":"https:\/\/api.w.org\/{rel}","templated":true}]}}