{"id":14773,"date":"2018-01-15T10:18:31","date_gmt":"2018-01-15T09:18:31","guid":{"rendered":"http:\/\/ifb.uni-erlangen.de\/research\/schriftenreihe-ifb-research\/"},"modified":"2020-07-21T15:36:59","modified_gmt":"2020-07-21T13:36:59","slug":"ifb-research-2","status":"publish","type":"page","link":"https:\/\/www.freie-berufe.com\/en\/research\/ifb-research-2\/","title":{"rendered":"IFB Research"},"content":{"rendered":"<section class=\"l-section wpb_row height_medium\"><div class=\"l-section-h i-cf\"><div class=\"g-cols vc_row via_grid cols_1 laptops-cols_inherit tablets-cols_inherit mobiles-cols_1 valign_top type_default stacking_default\"><div class=\"wpb_column vc_column_container\"><div class=\"vc_column-inner\"><div class=\"wpb_text_column\"><div class=\"wpb_wrapper\"><h1><strong>IFB Research<\/strong><\/h1>\n<p>Here you can find selected papers to studies currently published by the IFB since 2017.<\/p>\n<\/div><\/div><\/div><\/div><\/div><\/div><\/section><section class=\"l-section wpb_row height_medium\"><div class=\"l-section-h i-cf\"><div class=\"g-cols vc_row via_grid cols_1 laptops-cols_inherit tablets-cols_inherit mobiles-cols_1 valign_top type_default stacking_default\"><div class=\"wpb_column vc_column_container\"><div class=\"vc_column-inner\"><div class=\"wpb_text_column\"><div class=\"wpb_wrapper\"><p><strong>Freie Berufe allgemein:<\/strong><\/p>\n<hr \/>\n<p><a href=\"https:\/\/www.freie-berufe.com\/wp-content\/uploads\/Anhaltend-positives-Gesch\u00e4ftsklima-in-den-Freien-Berufen.pdf\" target=\"_blank\" rel=\"noopener\">Anhaltend positives Gesch\u00e4ftsklima in den Freien Berufen<\/a><\/p>\n<p><a href=\"https:\/\/www.freie-berufe.com\/wp-content\/uploads\/IFB_Research-01-2020-Kooperationsbereitschaft-Gro\u00dfz\u00fcgigkeit-und-Ehrlichkeit-in-den-Freien-Berufen.pdf\" target=\"_blank\" rel=\"noopener\">Kooperationsbereitschaft, Gro\u00dfz\u00fcgigkeit und Ehrlichkeit in den Freien Berufen: <\/a><br \/>\n<a href=\"https:\/\/www.freie-berufe.com\/wp-content\/uploads\/IFB_Research-01-2020-Kooperationsbereitschaft-Gro\u00dfz\u00fcgigkeit-und-Ehrlichkeit-in-den-Freien-Berufen.pdf\" target=\"_blank\" rel=\"noopener\">Eine experimentelle Analyse<\/a><\/p>\n<p>&nbsp;<\/p>\n<p><strong>Rechtsanw\u00e4lte:<\/strong><\/p>\n<hr \/>\n<p><a href=\"https:\/\/www.freie-berufe.com\/wp-content\/uploads\/IFB_Research-07-2018-Legal_Tech_in_der_Anwaltschaft.pdf\" target=\"_blank\" rel=\"noopener\">Legal Tech in der Anwaltschaft<\/a><\/p>\n<p><a href=\"https:\/\/www.freie-berufe.com\/wp-content\/uploads\/IFB_Research-Internationale_Kooperationen.pdf\" target=\"_blank\" rel=\"noopener\">Internationale Kooperationen <\/a><a href=\"http:\/\/www.selbsthilfe-ra.de\/\" target=\"_blank\" rel=\"noopener\"><em>(Studie im Auftrag der Selbsthilfe der Rechtsanw\u00e4lte e.V.)<\/em><\/a><\/p>\n<\/div><\/div><\/div><\/div><\/div><\/div><\/section>\n","protected":false},"excerpt":{"rendered":"IFB Research Here you can find selected papers to studies currently published by the IFB since 2017. Freie Berufe allgemein: Anhaltend positives Gesch\u00e4ftsklima in den Freien Berufen Kooperationsbereitschaft, Gro\u00dfz\u00fcgigkeit und Ehrlichkeit in den Freien Berufen: Eine experimentelle Analyse &nbsp; Rechtsanw\u00e4lte: Legal Tech in der Anwaltschaft Internationale Kooperationen (Studie im Auftrag der Selbsthilfe der Rechtsanw\u00e4lte e.V.)","protected":false},"author":4,"featured_media":0,"parent":807,"menu_order":0,"comment_status":"closed","ping_status":"closed","template":"","meta":{"footnotes":""},"class_list":["post-14773","page","type-page","status-publish","hentry"],"_links":{"self":[{"href":"https:\/\/www.freie-berufe.com\/en\/wp-json\/wp\/v2\/pages\/14773","targetHints":{"allow":["GET"]}}],"collection":[{"href":"https:\/\/www.freie-berufe.com\/en\/wp-json\/wp\/v2\/pages"}],"about":[{"href":"https:\/\/www.freie-berufe.com\/en\/wp-json\/wp\/v2\/types\/page"}],"author":[{"embeddable":true,"href":"https:\/\/www.freie-berufe.com\/en\/wp-json\/wp\/v2\/users\/4"}],"replies":[{"embeddable":true,"href":"https:\/\/www.freie-berufe.com\/en\/wp-json\/wp\/v2\/comments?post=14773"}],"version-history":[{"count":0,"href":"https:\/\/www.freie-berufe.com\/en\/wp-json\/wp\/v2\/pages\/14773\/revisions"}],"up":[{"embeddable":true,"href":"https:\/\/www.freie-berufe.com\/en\/wp-json\/wp\/v2\/pages\/807"}],"wp:attachment":[{"href":"https:\/\/www.freie-berufe.com\/en\/wp-json\/wp\/v2\/media?parent=14773"}],"curies":[{"name":"wp","href":"https:\/\/api.w.org\/{rel}","templated":true}]}}