{"id":2283,"date":"2015-12-14T14:56:24","date_gmt":"2015-12-14T13:56:24","guid":{"rendered":"http:\/\/ifb.uni-erlangen.de\/en\/about-us\/cooperation-partners\/rheinland-pfalz\/"},"modified":"2025-04-29T17:33:07","modified_gmt":"2025-04-29T15:33:07","slug":"rheinland-pfalz","status":"publish","type":"page","link":"https:\/\/www.freie-berufe.com\/en\/rheinland-pfalz\/","title":{"rendered":"Rhineland-Palatinate"},"content":{"rendered":"<section class=\"l-section wpb_row height_medium\"><div class=\"l-section-h i-cf\"><div class=\"g-cols vc_row via_grid cols_1 laptops-cols_inherit tablets-cols_inherit mobiles-cols_1 valign_top type_default stacking_default\"><div class=\"wpb_column vc_column_container\"><div class=\"vc_column-inner\"><div class=\"wpb_text_column\"><div class=\"wpb_wrapper\"><h1 class=\"title_h1\">Rhineland-Palatinate<\/h1>\n<div class=\"g-cols wpb_row offset_small vc_inner \"><\/div>\n<\/div><\/div><div class=\"w-separator size_medium with_line width_default thick_1 style_solid color_border align_center\"><div class=\"w-separator-h\"><\/div><\/div><div class=\"g-cols wpb_row via_grid cols_2 laptops-cols_inherit tablets-cols_inherit mobiles-cols_1 valign_top type_default stacking_default\" style=\"--columns-gap:3rem;\"><div class=\"wpb_column vc_column_container\"><div class=\"vc_column-inner\"><div class=\"wpb_text_column\"><div class=\"wpb_wrapper\"><p><strong>Landesverband der Freien Berufe Rheinland-Pfalz e.V.<\/strong><\/p>\n<p>Rheinstra\u00dfe 4 (Eingang \u00fcber Kanalstra\u00dfe)<br \/>\n55116 Mainz<\/p>\n<p><a href=\"http:\/\/www.lfb-rlp.de\/\" target=\"_blank\" rel=\"noopener\">www.lfb-rlp.de<\/a><\/p>\n<\/div><\/div><\/div><\/div><div class=\"wpb_column vc_column_container\"><div class=\"vc_column-inner\"><div class=\"w-image align_center\"><div class=\"w-image-h\"><img decoding=\"async\" width=\"260\" height=\"124\" src=\"https:\/\/www.freie-berufe.com\/wp-content\/uploads\/LFB-RLP.jpg\" class=\"attachment-medium size-medium\" alt=\"\" loading=\"lazy\" \/><\/div><\/div><\/div><\/div><\/div><div class=\"w-separator size_medium with_line width_default thick_1 style_solid color_border align_center\"><div class=\"w-separator-h\"><\/div><\/div><div class=\"g-cols wpb_row via_grid cols_2 laptops-cols_inherit tablets-cols_inherit mobiles-cols_1 valign_top type_default stacking_default\" style=\"--columns-gap:3rem;\"><div class=\"wpb_column vc_column_container\"><div class=\"vc_column-inner\"><div class=\"wpb_text_column\"><div class=\"wpb_wrapper\"><p><strong>IHK Koblenz<\/strong><\/p>\n<p>Schlossstr. 2<br \/>\n56068 Koblenz<\/p>\n<p><a href=\"http:\/\/www.ihk-koblenz.de\/\" target=\"_blank\" rel=\"noopener\">www.ihk-koblenz.de<\/a><\/p>\n<\/div><\/div><\/div><\/div><div class=\"wpb_column vc_column_container\"><div class=\"vc_column-inner\"><div class=\"w-image align_center\"><div class=\"w-image-h\"><img decoding=\"async\" width=\"220\" height=\"67\" src=\"https:\/\/www.freie-berufe.com\/wp-content\/uploads\/IHK-Koblenz-e1455793126786.png\" class=\"attachment-large size-large\" alt=\"\" loading=\"lazy\" \/><\/div><\/div><\/div><\/div><\/div><div class=\"w-separator size_medium with_line width_default thick_1 style_solid color_border align_center\"><div class=\"w-separator-h\"><\/div><\/div><div class=\"g-cols wpb_row via_grid cols_2 laptops-cols_inherit tablets-cols_inherit mobiles-cols_1 valign_top type_default stacking_default\" style=\"--columns-gap:3rem;\"><div class=\"wpb_column vc_column_container\"><div class=\"vc_column-inner\"><div class=\"wpb_text_column\"><div class=\"wpb_wrapper\"><p><strong>IHK Pfalz in Ludwigshafen<\/strong><\/p>\n<p>Ludwigsplatz 2\u20134<br \/>\n67059 Ludwigshafen<\/p>\n<p><a href=\"https:\/\/www.pfalz.ihk24.de\/\" target=\"_blank\" rel=\"noopener\">www.pfalz.ihk24.de<\/a><\/p>\n<\/div><\/div><\/div><\/div><div class=\"wpb_column vc_column_container\"><div class=\"vc_column-inner\"><div class=\"w-image align_center\"><div class=\"w-image-h\"><img decoding=\"async\" width=\"220\" height=\"72\" src=\"https:\/\/www.freie-berufe.com\/wp-content\/uploads\/IHK-Pfalz-01-e1455793287753.jpg\" class=\"attachment-large size-large\" alt=\"\" loading=\"lazy\" \/><\/div><\/div><\/div><\/div><\/div><div class=\"w-separator size_medium with_line width_default thick_1 style_solid color_border align_center\"><div class=\"w-separator-h\"><\/div><\/div><div class=\"g-cols wpb_row via_grid cols_2 laptops-cols_inherit tablets-cols_inherit mobiles-cols_1 valign_top type_default stacking_default\" style=\"--columns-gap:3rem;\"><div class=\"wpb_column vc_column_container\"><div class=\"vc_column-inner\"><div class=\"wpb_text_column\"><div class=\"wpb_wrapper\"><p><strong>IHK Trier<\/strong><\/p>\n<p>Herzogenbuscher Stra\u00dfe 12<br \/>\n54292 Trier<\/p>\n<p><a href=\"http:\/\/www.ihk-trier.de\/\" target=\"_blank\" rel=\"noopener\">www.ihk-trier.de<\/a><\/p>\n<\/div><\/div><\/div><\/div><div class=\"wpb_column vc_column_container\"><div class=\"vc_column-inner\"><div class=\"w-image align_center\"><div class=\"w-image-h\"><img decoding=\"async\" width=\"220\" height=\"158\" src=\"https:\/\/www.freie-berufe.com\/wp-content\/uploads\/ihktrier1-e1455793244696.jpg\" class=\"attachment-large size-large\" alt=\"\" loading=\"lazy\" \/><\/div><\/div><\/div><\/div><\/div><div class=\"w-separator size_medium with_line width_default thick_1 style_solid color_border align_center\"><div class=\"w-separator-h\"><\/div><\/div><div class=\"g-cols wpb_row via_grid cols_2 laptops-cols_inherit tablets-cols_inherit mobiles-cols_1 valign_top type_default stacking_default\" style=\"--columns-gap:3rem;\"><div class=\"wpb_column vc_column_container\"><div class=\"vc_column-inner\"><div class=\"wpb_text_column\"><div class=\"wpb_wrapper\"><p><strong>Stadtverwaltung Pirmasens &#8211; Amt f\u00fcr Wirtschaftsf\u00f6rderung und Liegenschaften<br \/>\n<\/strong><\/p>\n<p>Delaware Avenue 1-3<br \/>\n66953 Pirmasens<\/p>\n<p><a href=\"http:\/\/www.pirmasens.de\/wirtschaftsfoerderung\" target=\"_blank\" rel=\"noopener noreferrer\">www.pirmasens.de<\/a><\/p>\n<\/div><\/div><\/div><\/div><div class=\"wpb_column vc_column_container\"><div class=\"vc_column-inner\"><div class=\"w-image align_center\"><div class=\"w-image-h\"><img decoding=\"async\" width=\"1024\" height=\"238\" src=\"https:\/\/www.freie-berufe.com\/wp-content\/uploads\/PS-Wif\u00f6-Liegenschaften-Logo-1024x238.jpg\" class=\"attachment-large size-large\" alt=\"\" loading=\"lazy\" srcset=\"https:\/\/www.freie-berufe.com\/wp-content\/uploads\/PS-Wif\u00f6-Liegenschaften-Logo-1024x238.jpg 1024w, https:\/\/www.freie-berufe.com\/wp-content\/uploads\/PS-Wif\u00f6-Liegenschaften-Logo-600x139.jpg 600w, https:\/\/www.freie-berufe.com\/wp-content\/uploads\/PS-Wif\u00f6-Liegenschaften-Logo-300x70.jpg 300w\" sizes=\"auto, (max-width: 1024px) 100vw, 1024px\" \/><\/div><\/div><\/div><\/div><\/div><div class=\"w-separator size_medium with_line width_default thick_1 style_solid color_border align_center\"><div class=\"w-separator-h\"><\/div><\/div><div class=\"g-cols wpb_row via_grid cols_2 laptops-cols_inherit tablets-cols_inherit mobiles-cols_1 valign_top type_default stacking_default\" style=\"--columns-gap:3rem;\"><div class=\"wpb_column vc_column_container\"><div class=\"vc_column-inner\"><div class=\"wpb_text_column\"><div class=\"wpb_wrapper\"><p class=\"evo_location_name\"><strong>Wirtschaftsf\u00f6rderung Cochem-Zell<br \/>\n<\/strong><\/p>\n<p class=\"evo_location_name\">Br\u00fcckenstra\u00dfe 2<br \/>\n56812 Cochem<\/p>\n<p><a href=\"https:\/\/www.cochem-zell.de\/kv_cochem_zell\/Aktuelles\/Nachrichten%20aus%20der%20Verwaltung\/\" target=\"_blank\" rel=\"noopener\">www.cochem-zell.de<\/a><\/p>\n<\/div><\/div><\/div><\/div><div class=\"wpb_column vc_column_container\"><div class=\"vc_column-inner\"><div class=\"w-image align_center\"><div class=\"w-image-h\"><img decoding=\"async\" width=\"615\" height=\"440\" src=\"https:\/\/www.freie-berufe.com\/wp-content\/uploads\/Logo_allgemein_Landkreis_Hochformat_Kopie.jpg\" class=\"attachment-large size-large\" alt=\"\" loading=\"lazy\" srcset=\"https:\/\/www.freie-berufe.com\/wp-content\/uploads\/Logo_allgemein_Landkreis_Hochformat_Kopie.jpg 615w, https:\/\/www.freie-berufe.com\/wp-content\/uploads\/Logo_allgemein_Landkreis_Hochformat_Kopie-600x429.jpg 600w, https:\/\/www.freie-berufe.com\/wp-content\/uploads\/Logo_allgemein_Landkreis_Hochformat_Kopie-300x215.jpg 300w\" sizes=\"auto, (max-width: 615px) 100vw, 615px\" \/><\/div><\/div><\/div><\/div><\/div><div class=\"w-separator size_medium with_line width_default thick_1 style_solid color_border align_center\"><div class=\"w-separator-h\"><\/div><\/div><div class=\"g-cols wpb_row via_grid cols_2 laptops-cols_inherit tablets-cols_inherit mobiles-cols_1 valign_top type_default stacking_default\" style=\"--columns-gap:3rem;\"><div class=\"wpb_column vc_column_container\"><div class=\"vc_column-inner\"><div class=\"wpb_text_column\"><div class=\"wpb_wrapper\"><p><strong>Wirtschaftsf\u00f6rderungsgesellschaft Vulkaneifel mbH<\/strong><\/p>\n<p>Mainzer Str. 24<br \/>\n54550 Daun<\/p>\n<p><a href=\"http:\/\/www.wfg-vulkaneifel.de\" target=\"_blank\" rel=\"noopener noreferrer\">www.wfg-vulkaneifel.de<\/a><\/p>\n<\/div><\/div><\/div><\/div><div class=\"wpb_column vc_column_container\"><div class=\"vc_column-inner\"><div class=\"w-image align_center\"><div class=\"w-image-h\"><img decoding=\"async\" width=\"1024\" height=\"690\" src=\"https:\/\/www.freie-berufe.com\/wp-content\/uploads\/WFG-Logo_RGB-1024x690.jpg\" class=\"attachment-large size-large\" alt=\"\" loading=\"lazy\" srcset=\"https:\/\/www.freie-berufe.com\/wp-content\/uploads\/WFG-Logo_RGB-1024x690.jpg 1024w, https:\/\/www.freie-berufe.com\/wp-content\/uploads\/WFG-Logo_RGB-600x404.jpg 600w, https:\/\/www.freie-berufe.com\/wp-content\/uploads\/WFG-Logo_RGB-300x202.jpg 300w\" sizes=\"auto, (max-width: 1024px) 100vw, 1024px\" \/><\/div><\/div><\/div><\/div><\/div><div class=\"w-separator size_medium with_line width_default thick_1 style_solid color_border align_center\"><div class=\"w-separator-h\"><\/div><\/div><div class=\"wpb_column vc_column_container\"><div class=\"vc_column-inner\"><\/div><\/div><div class=\"wpb_column vc_column_container\"><div class=\"vc_column-inner\"><\/div><\/div><\/div><\/div><\/div><\/div><\/section><section class=\"l-section wpb_row height_medium\"><div class=\"l-section-h i-cf\"><div class=\"g-cols vc_row via_grid cols_1 laptops-cols_inherit tablets-cols_inherit mobiles-cols_1 valign_top type_default stacking_default\"><div class=\"wpb_column vc_column_container\"><div class=\"vc_column-inner\"><div class=\"g-cols wpb_row via_grid cols_2 laptops-cols_inherit tablets-cols_inherit mobiles-cols_1 valign_top type_default stacking_default\" style=\"--columns-gap:3rem;\"><div class=\"wpb_column vc_column_container\"><div class=\"vc_column-inner\"><div class=\"wpb_text_column\"><div class=\"wpb_wrapper\"><p class=\"evo_location_name\"><strong>Hochschule Mainz<\/strong><br \/>\nLucy-Hillebrand-Stra\u00dfe 2<br \/>\n55128 Mainz<\/p>\n<p><a href=\"https:\/\/www.hs-mainz.de\/forschung\/forschung-transfer\/gruendungscampus\/\" target=\"_blank\" rel=\"noopener\">www.hs-mainz.de<\/a><\/p>\n<\/div><\/div><\/div><\/div><div class=\"wpb_column vc_column_container\"><div class=\"vc_column-inner\"><div class=\"w-image align_center\"><div class=\"w-image-h\"><img decoding=\"async\" width=\"220\" height=\"94\" src=\"https:\/\/www.freie-berufe.com\/wp-content\/uploads\/Logo_HS_Mainz.jpg\" class=\"attachment-medium size-medium\" alt=\"\" loading=\"lazy\" \/><\/div><\/div><\/div><\/div><\/div><div class=\"w-separator size_medium with_line width_default thick_1 style_solid color_border align_center\"><div class=\"w-separator-h\"><\/div><\/div><div class=\"g-cols wpb_row via_grid cols_2 laptops-cols_inherit tablets-cols_inherit mobiles-cols_1 valign_top type_default stacking_default\" style=\"--columns-gap:3rem;\"><div class=\"wpb_column vc_column_container\"><div class=\"vc_column-inner\"><div class=\"wpb_text_column\"><div class=\"wpb_wrapper\"><p><strong>Universit\u00e4t Koblenz-Landau<\/strong><br \/>\n<strong>Campus Koblenz<\/strong><br \/>\nUniversit\u00e4tsstra\u00dfe 1<br \/>\n56070 Koblenz<br \/>\n<strong>Campus Landau<\/strong><br \/>\nB\u00fcrgerstra\u00dfe 23<br \/>\n76829 Landau<br \/>\n<a href=\"https:\/\/www.uni-koblenz-landau.de\/de\/landau\">www.uni-koblenz-landau.de<\/a><\/p>\n<\/div><\/div><\/div><\/div><div class=\"wpb_column vc_column_container\"><div class=\"vc_column-inner\"><div class=\"w-image align_center\"><div class=\"w-image-h\"><img decoding=\"async\" width=\"200\" height=\"65\" src=\"https:\/\/www.freie-berufe.com\/wp-content\/uploads\/uni_koblenz_landau.png\" class=\"attachment-medium size-medium\" alt=\"\" loading=\"lazy\" \/><\/div><\/div><\/div><\/div><\/div><div class=\"w-separator size_medium with_line width_default thick_1 style_solid color_border align_center\"><div class=\"w-separator-h\"><\/div><\/div><\/div><\/div><\/div><\/div><\/section>\n","protected":false},"excerpt":{"rendered":"Rhineland-Palatinate Landesverband der Freien Berufe Rheinland-Pfalz e.V. Rheinstra\u00dfe 4 (Eingang \u00fcber Kanalstra\u00dfe) 55116 Mainz www.lfb-rlp.de IHK Koblenz Schlossstr. 2 56068 Koblenz www.ihk-koblenz.de IHK Pfalz in Ludwigshafen Ludwigsplatz 2\u20134 67059 Ludwigshafen www.pfalz.ihk24.de IHK Trier Herzogenbuscher Stra\u00dfe 12 54292 Trier www.ihk-trier.de Stadtverwaltung Pirmasens &#8211; Amt f\u00fcr Wirtschaftsf\u00f6rderung und Liegenschaften Delaware Avenue 1-3 66953 Pirmasens www.pirmasens.de Wirtschaftsf\u00f6rderung Cochem-Zell...","protected":false},"author":4,"featured_media":0,"parent":0,"menu_order":0,"comment_status":"closed","ping_status":"closed","template":"","meta":{"footnotes":""},"class_list":["post-2283","page","type-page","status-publish","hentry"],"_links":{"self":[{"href":"https:\/\/www.freie-berufe.com\/en\/wp-json\/wp\/v2\/pages\/2283","targetHints":{"allow":["GET"]}}],"collection":[{"href":"https:\/\/www.freie-berufe.com\/en\/wp-json\/wp\/v2\/pages"}],"about":[{"href":"https:\/\/www.freie-berufe.com\/en\/wp-json\/wp\/v2\/types\/page"}],"author":[{"embeddable":true,"href":"https:\/\/www.freie-berufe.com\/en\/wp-json\/wp\/v2\/users\/4"}],"replies":[{"embeddable":true,"href":"https:\/\/www.freie-berufe.com\/en\/wp-json\/wp\/v2\/comments?post=2283"}],"version-history":[{"count":0,"href":"https:\/\/www.freie-berufe.com\/en\/wp-json\/wp\/v2\/pages\/2283\/revisions"}],"wp:attachment":[{"href":"https:\/\/www.freie-berufe.com\/en\/wp-json\/wp\/v2\/media?parent=2283"}],"curies":[{"name":"wp","href":"https:\/\/api.w.org\/{rel}","templated":true}]}}