{"id":22882,"date":"2022-04-07T14:15:39","date_gmt":"2022-04-07T12:15:39","guid":{"rendered":"http:\/\/ifb.uni-erlangen.de\/gruendungsberatung\/einzelberatung-2\/beratung-fuer-gruenderinnen-mit-sehbehinderung\/"},"modified":"2025-04-03T12:28:23","modified_gmt":"2025-04-03T10:28:23","slug":"ratung-fuer-gruenderinnen-mit-sehbehinderung","status":"publish","type":"page","link":"https:\/\/www.freie-berufe.com\/en\/gruendungsberatung-2\/einzelberatung-2\/ratung-fuer-gruenderinnen-mit-sehbehinderung\/","title":{"rendered":"Anmeldeservice f\u00fcr Gr\u00fcndende mit Sehbehinderung"},"content":{"rendered":"<section class=\"l-section wpb_row height_medium\"><div class=\"l-section-h i-cf\"><div class=\"g-cols vc_row via_grid cols_1 laptops-cols_inherit tablets-cols_inherit mobiles-cols_1 valign_top type_default stacking_default\"><div class=\"wpb_column vc_column_container\"><div class=\"vc_column-inner\"><div class=\"wpb_text_column\"><div class=\"wpb_wrapper\"><h3>Anmeldeservice f\u00fcr Gr\u00fcndende mit Sehbehinderung<\/h3>\n<p>Wenn Sie Unterst\u00fctzung bei der Terminbuchung ben\u00f6tigen, rufen Sie uns an unter<br \/>\n0911 2356528.<\/p>\n<\/div><\/div><\/div><\/div><\/div><\/div><\/section>\n","protected":false},"excerpt":{"rendered":"Anmeldeservice f\u00fcr Gr\u00fcndende mit Sehbehinderung Wenn Sie Unterst\u00fctzung bei der Terminbuchung ben\u00f6tigen, rufen Sie uns an unter 0911 2356528.","protected":false},"author":4,"featured_media":0,"parent":823,"menu_order":0,"comment_status":"closed","ping_status":"closed","template":"","meta":{"footnotes":""},"class_list":["post-22882","page","type-page","status-publish","hentry"],"_links":{"self":[{"href":"https:\/\/www.freie-berufe.com\/en\/wp-json\/wp\/v2\/pages\/22882","targetHints":{"allow":["GET"]}}],"collection":[{"href":"https:\/\/www.freie-berufe.com\/en\/wp-json\/wp\/v2\/pages"}],"about":[{"href":"https:\/\/www.freie-berufe.com\/en\/wp-json\/wp\/v2\/types\/page"}],"author":[{"embeddable":true,"href":"https:\/\/www.freie-berufe.com\/en\/wp-json\/wp\/v2\/users\/4"}],"replies":[{"embeddable":true,"href":"https:\/\/www.freie-berufe.com\/en\/wp-json\/wp\/v2\/comments?post=22882"}],"version-history":[{"count":0,"href":"https:\/\/www.freie-berufe.com\/en\/wp-json\/wp\/v2\/pages\/22882\/revisions"}],"up":[{"embeddable":true,"href":"https:\/\/www.freie-berufe.com\/en\/wp-json\/wp\/v2\/pages\/823"}],"wp:attachment":[{"href":"https:\/\/www.freie-berufe.com\/en\/wp-json\/wp\/v2\/media?parent=22882"}],"curies":[{"name":"wp","href":"https:\/\/api.w.org\/{rel}","templated":true}]}}