{"id":794,"date":"2015-12-01T18:51:39","date_gmt":"2015-12-01T17:51:39","guid":{"rendered":"http:\/\/eidmueller.kundendemo.com\/coaching\/formularedownloads\/?lang=en"},"modified":"2021-04-21T12:11:06","modified_gmt":"2021-04-21T10:11:06","slug":"formulare-downloads-2","status":"publish","type":"page","link":"https:\/\/www.freie-berufe.com\/en\/coaching\/formulare-downloads-2\/","title":{"rendered":"Forms \/ Downloads"},"content":{"rendered":"<section class=\"l-section wpb_row height_medium\"><div class=\"l-section-h i-cf\"><div class=\"g-cols vc_row via_grid cols_1 laptops-cols_inherit tablets-cols_inherit mobiles-cols_1 valign_top type_default stacking_default\"><div class=\"wpb_column vc_column_container\"><div class=\"vc_column-inner\"><div class=\"wpb_text_column\"><div class=\"wpb_wrapper\"><h1>Forms \/ Downloads<\/h1>\n<\/div><\/div><div class=\"wpb_text_column justify\"><div class=\"wpb_wrapper\"><h2>Forms for Pre-set-up coaching in Bavaria<\/h2>\n<p><a href=\"https:\/\/www.freie-berufe.com\/wp-content\/uploads\/Antrag_2018_neu.pdf\" target=\"_blank\" rel=\"noopener noreferrer\">Zuschuss-Antrag zum Vorgr\u00fcndungscoaching<\/a><br \/>\n<a class=\"download\" href=\"https:\/\/www.freie-berufe.com\/wp-content\/uploads\/Coachingvereinbarung_2018.pdf\" target=\"_blank\" rel=\"noopener noreferrer\">Beratungsvertrag\/Vereinbarung eines zuschussf\u00e4higen Einzelcoachings <\/a><br \/>\n<a class=\"download\" href=\"https:\/\/www.freie-berufe.com\/wp-content\/uploads\/Bericht-des-Gr\u00fcnders-2018.pdf\" target=\"_blank\" rel=\"noopener noreferrer\">Bericht des beratenen Unternehmen <\/a><br \/>\n<a class=\"download\" title=\"Leitet Herunterladen der Datei ein\" href=\"https:\/\/www.freie-berufe.com\/wp-content\/uploads\/Bericht-des-Coachs-2018.pdf\" target=\"_blank\" rel=\"noopener noreferrer\">Bericht des Coachs<\/a><br \/>\n<a class=\"download\" href=\"https:\/\/www.freie-berufe.com\/wp-content\/uploads\/Abrechung-Einzelcoaching_2018.pdf\" target=\"_blank\" rel=\"noopener noreferrer\">Abrechnung Einzelcoaching<\/a><br \/>\n<a class=\"download\" title=\"Leitet Herunterladen der Datei ein\" href=\"https:\/\/www.freie-berufe.com\/wp-content\/uploads\/Checkliste_Abrechnung_2017_.pdf\" target=\"_blank\" rel=\"noopener noreferrer\">Checkliste f\u00fcr die Abrechnung<\/a><br \/>\n<a title=\"Initiates file download\" href=\"https:\/\/www.freie-berufe.com\/wp-content\/uploads\/F\u00f6rderrichtlinie-VGC-2021.pdf\" target=\"_blank\" rel=\"noopener noreferrer\">Richtlinien Vorgr\u00fcndungscoaching<\/a><br \/>\n<a href=\"https:\/\/www.freie-berufe.com\/wp-content\/uploads\/Erg\u00e4nzung-zum-Lebenslauf.pdf\" target=\"_blank\" rel=\"noopener noreferrer\">Erg\u00e4nzung zum Lebenslauf<\/a><\/p>\n<p><em>Please be aware, that the following processing times can only be guaranteed for<br \/>\napplications including all the required documents.<\/em><br \/>\n&#8211; Application processing: up to 10 weeks<br \/>\n&#8211; Billing procedures: up to 12 weeks<\/p>\n<h2>Registration for coaches Vorgr\u00fcndungscoaching in Bayern<\/h2>\n<p><a href=\"https:\/\/www.freie-berufe.com\/wp-content\/uploads\/Aufnahmeantrag-Berater-IFB-f.-Beraterdatenbank_2019-10.pdf\" target=\"_blank\" rel=\"noopener\">Aufnahmeantrag Berater IFB f. Beraterdatenbank<\/a><br \/>\n<em>Please be aware, that the average processing time can take uo to 10 weeks.<\/em><\/p>\n<h2>Forms for Pre-set-up coaching in Rhineland-Palatinate<\/h2>\n<p class=\"bodytext\"><a class=\"external-link-new-window\" title=\"Opens external link in new window\" href=\"http:\/\/isb.rlp.de\/de\/wirtschaft\/foerderfinder-assistent\/?item=28\" target=\"_blank\" rel=\"noopener noreferrer\">Link zum ISB-Antrag und De-minimis-Erkl\u00e4rung<\/a><br \/>\n<a class=\"download\" title=\"Initiates file download\" href=\"http:\/\/www.ifb.uni-erlangen.de\/fileadmin\/ifb\/doc\/beratung\/Coaching_RLP\/Checkliste_Abrechnung.pdf\" target=\"_blank\" rel=\"noopener noreferrer\">Checkliste f\u00fcr die Abrechnung<\/a><\/p>\n<p>&nbsp;<\/p>\n<p><strong>Please note that documents must be submitted (by mail) in the original.<\/strong><\/p>\n<\/div><\/div><\/div><\/div><\/div><\/div><\/section>\n","protected":false},"excerpt":{"rendered":"Forms \/ Downloads Forms for Pre-set-up coaching in Bavaria Zuschuss-Antrag zum Vorgr\u00fcndungscoaching Beratungsvertrag\/Vereinbarung eines zuschussf\u00e4higen Einzelcoachings Bericht des beratenen Unternehmen Bericht des Coachs Abrechnung Einzelcoaching Checkliste f\u00fcr die Abrechnung Richtlinien Vorgr\u00fcndungscoaching Erg\u00e4nzung zum Lebenslauf Please be aware, that the following processing times can only be guaranteed for applications including all the required documents. &#8211; Application...","protected":false},"author":4,"featured_media":0,"parent":793,"menu_order":0,"comment_status":"closed","ping_status":"closed","template":"","meta":{"footnotes":""},"class_list":["post-794","page","type-page","status-publish","hentry"],"_links":{"self":[{"href":"https:\/\/www.freie-berufe.com\/en\/wp-json\/wp\/v2\/pages\/794","targetHints":{"allow":["GET"]}}],"collection":[{"href":"https:\/\/www.freie-berufe.com\/en\/wp-json\/wp\/v2\/pages"}],"about":[{"href":"https:\/\/www.freie-berufe.com\/en\/wp-json\/wp\/v2\/types\/page"}],"author":[{"embeddable":true,"href":"https:\/\/www.freie-berufe.com\/en\/wp-json\/wp\/v2\/users\/4"}],"replies":[{"embeddable":true,"href":"https:\/\/www.freie-berufe.com\/en\/wp-json\/wp\/v2\/comments?post=794"}],"version-history":[{"count":0,"href":"https:\/\/www.freie-berufe.com\/en\/wp-json\/wp\/v2\/pages\/794\/revisions"}],"up":[{"embeddable":true,"href":"https:\/\/www.freie-berufe.com\/en\/wp-json\/wp\/v2\/pages\/793"}],"wp:attachment":[{"href":"https:\/\/www.freie-berufe.com\/en\/wp-json\/wp\/v2\/media?parent=794"}],"curies":[{"name":"wp","href":"https:\/\/api.w.org\/{rel}","templated":true}]}}