{"id":822,"date":"2015-12-01T18:49:45","date_gmt":"2015-12-01T17:49:45","guid":{"rendered":"http:\/\/eidmueller.kundendemo.com\/gruendungsberatung\/downloads-gruendungsinformationen\/?lang=en"},"modified":"2026-02-18T10:33:16","modified_gmt":"2026-02-18T09:33:16","slug":"downloads-gruendungsinformationen","status":"publish","type":"page","link":"https:\/\/www.freie-berufe.com\/en\/gruendungsberatung-2\/downloads-gruendungsinformationen\/","title":{"rendered":"Downloads \/ Start-up Information"},"content":{"rendered":"<section class=\"l-section wpb_row height_medium\"><div class=\"l-section-h i-cf\"><div class=\"g-cols vc_row via_grid cols_1 laptops-cols_inherit tablets-cols_inherit mobiles-cols_1 valign_top type_default stacking_default\"><div class=\"wpb_column vc_column_container\"><div class=\"vc_column-inner\"><div class=\"wpb_text_column\"><div class=\"wpb_wrapper\"><h1 class=\"title_h1\">Downloads \/ Start-up information<\/h1>\n<\/div><\/div><div class=\"wpb_text_column\"><div class=\"wpb_wrapper\"><h2>Start-up counselling<\/h2>\n<h3>FAQ &#8211; Ihre Fragen zum IFB-Beratungsangebot<\/h3>\n<p><a href=\"http:\/\/www.ifb.uni-erlangen.de\/fileadmin\/ifb\/doc\/FAQ\/I_Inhaltsangabe_FAQ_20180722.pdf\" target=\"_blank\" rel=\"noopener\">Hier finden Sie die Antworten<\/a><\/p>\n<h3>Businessplan<\/h3>\n<p><span style=\"margin: 0px; color: #666666; line-height: 107%; font-family: 'Open Sans',sans-serif; font-size: 12pt;\"><a href=\"https:\/\/www.freie-berufe.com\/wp-content\/uploads\/2024-IFB_Vorlage_Finanzplan_Liquidit\u00e4tsplan.xlsx\" target=\"_blank\" rel=\"noopener\">Finanz- und Liquidit\u00e4tsplan zum Ausf\u00fcllen<\/a><a title=\"Initiates file download\" href=\"https:\/\/www.freie-berufe.com\/wp-content\/uploads\/inhaltsverzeichnis_2016.pdf\"><br \/>\n<\/a><a href=\"https:\/\/www.freie-berufe.com\/wp-content\/uploads\/2024-IFB_Vorlage_Finanzplan_Liquidit\u00e4tsplan_Kleinunternehmer.xlsx\" target=\"_blank\" rel=\"noopener\">Finanz- und Liquidit\u00e4tsplan zum Ausf\u00fcllen f\u00fcr Kleinunternehmer<\/a><a title=\"Initiates file download\" href=\"https:\/\/www.freie-berufe.com\/wp-content\/uploads\/inhaltsverzeichnis_2016.pdf\"><br \/>\n<\/a><a href=\"https:\/\/www.freie-berufe.com\/wp-content\/uploads\/2024-IFB-FuL-Vorlage_english.xlsx\" target=\"_blank\" rel=\"noopener\">Financial and liquidity plan in english<\/a><a title=\"Initiates file download\" href=\"https:\/\/www.freie-berufe.com\/wp-content\/uploads\/inhaltsverzeichnis_2016.pdf\"><br \/>\n<\/a><a href=\"https:\/\/www.freie-berufe.com\/wp-content\/uploads\/2024-IFB-FuL-Vorlage_Kleinunternehmer_english.xlsx\" target=\"_blank\" rel=\"noopener\">Financial and liquidity plan for small-scale entrepreneurs in english<\/a><a title=\"Initiates file download\" href=\"https:\/\/www.freie-berufe.com\/wp-content\/uploads\/inhaltsverzeichnis_2016.pdf\"><br \/>\n<\/a><a title=\"Initiates file download\" href=\"http:\/\/www.ifb.uni-erlangen.de\/fileadmin\/ifb\/doc\/beratung\/einfuehrung.pdf\" target=\"_blank\" rel=\"noopener\">Einf\u00fchrung: Gr\u00fcndung in den freien Berufen<\/a><a title=\"Initiates file download\" href=\"https:\/\/www.freie-berufe.com\/wp-content\/uploads\/inhaltsverzeichnis_2016.pdf\"><br \/>\n<\/a><a href=\"https:\/\/www.freie-berufe.com\/wp-content\/uploads\/2025_Checklist-start-up-grant-W.pdf\" target=\"_blank\" rel=\"noopener\">Checklist start-up grant<\/a><\/span><\/p>\n<h3>Start-up information<\/h3>\n<p class=\"bodytext\"><a class=\"download\" title=\"Download der Publikation Kurzfassung Freier Beruf oder Gewerbe\" href=\"https:\/\/www.freie-berufe.com\/wp-content\/uploads\/01-Freier-Beruf-o.-Gewerbe_Was-ist-der-Unterschied-1.pdf\" target=\"_blank\" rel=\"noopener noreferrer\">Nr. 1 Freier Beruf oder Gewerbe &#8211; Kurzfassung<\/a><br \/>\n<a href=\"https:\/\/www.freie-berufe.com\/wp-content\/uploads\/01-Liberal-profession-or-trading-company-1.pdf\" target=\"_blank\" rel=\"noopener\">Nr. 1 Liberal profession or trading company? &#8211; Overview<\/a><br \/>\n<a class=\"download\" title=\"Initiates file download\" href=\"https:\/\/www.freie-berufe.com\/wp-content\/uploads\/02-Gesch\u00e4ftsidee-worauf-kommt-es-an-1.pdf\" target=\"_blank\" rel=\"noopener noreferrer\">Nr. 2 Gesch\u00e4ftsidee<\/a><br \/>\n<a href=\"https:\/\/www.freie-berufe.com\/wp-content\/uploads\/Wie-schreibe-ich-einen-Businessplan_2024.pdf\" target=\"_blank\" rel=\"noopener noreferrer\">Nr. 3 Wie schreibe ich einen Businessplan?<\/a><br \/>\n<a href=\"https:\/\/www.freie-berufe.com\/wp-content\/uploads\/03_How-to-write-a-business-plan-2024.pdf\" target=\"_blank\" rel=\"noopener\">Nr. 3 How to write a business-plan<\/a><br \/>\n<a href=\"https:\/\/www.freie-berufe.com\/wp-content\/uploads\/04-Partnerschaftsgesellschaft-mbH-mbB-1.pdf\" target=\"_blank\" rel=\"noopener\">Nr. 4 Die Partnerschaftsgesellschaft\u00a0(mbB)<\/a><br \/>\n<a class=\"download\" title=\"Download der Publikation Rechtsformen im \u00dcberblick\" href=\"https:\/\/www.freie-berufe.com\/wp-content\/uploads\/05-Welche-Rechtsformen-gibt-es-1.pdf\" target=\"_blank\" rel=\"noopener noreferrer\">Nr. 5 Rechtsformen im \u00dcberblick<\/a><br \/>\n<a class=\"download\" title=\"Download der Publikation Unterschied Freie Mitarbeit und Freier Beruf\" href=\"https:\/\/www.freie-berufe.com\/wp-content\/uploads\/07-Freie-Mitarbeit_-Freier-Beruf_was-ist-der-Unterschied-1.pdf\" target=\"_blank\" rel=\"noopener noreferrer\">Nr. 7 Unterschiede: Freie Mitarbeit \u2260 Freier Beruf<\/a><br \/>\n<a class=\"download\" title=\"Download der Publikation Preisfindung\" href=\"https:\/\/www.freie-berufe.com\/wp-content\/uploads\/08-Preisfindung-f\u00fcr-Selbst\u00e4ndige_Wie-ermittle-ich-meinen-Preis-1.pdf\" target=\"_blank\" rel=\"noopener noreferrer\">Nr. 8 Preisfindung f\u00fcr Existenzgr\u00fcnder<\/a><br \/>\n<a class=\"download\" title=\"Download der Publikation Ben\u00f6tigte Unterlagen zum Kreditantrag\" href=\"https:\/\/www.freie-berufe.com\/wp-content\/uploads\/09-Kreditantrag-welche-Unterlagen-brauche-ich-1.pdf\" target=\"_blank\" rel=\"noopener noreferrer\">Nr. 9 Ben\u00f6tigte Unterlagen zum Kreditantrag<\/a><br \/>\n<a href=\"https:\/\/www.freie-berufe.com\/wp-content\/uploads\/10-Krankenversicherung-f\u00fcr-Selbstst\u00e4ndige-1.pdf\" target=\"_blank\" rel=\"noopener\">Nr. 10 Krankenversicherung f\u00fcr Selbst\u00e4ndige<\/a><br \/>\n<a class=\"download\" href=\"https:\/\/www.freie-berufe.com\/wp-content\/uploads\/11-K\u00fcnstlersozialversicherung-1.pdf\" target=\"_blank\" rel=\"noopener noreferrer\">Nr. 11 Die K\u00fcnstlersozialversicherung<\/a><br \/>\n<a class=\"download\" title=\"Download der Puplikation Schutz geistigen Eigentums (Urheberrecht)\" href=\"https:\/\/www.freie-berufe.com\/wp-content\/uploads\/12-Urheberrecht_Wie-sch\u00fctze-ich-mein-geistiges-Eigentum-1.pdf\" target=\"_blank\" rel=\"noopener noreferrer\">Nr. 12 Schutz geistigen Eigentums (Urheberrecht)<\/a><br \/>\n<a class=\"download\" title=\"Download der Publikation Wann ist ein Unternehmen gegr\u00fcndet?\" href=\"https:\/\/www.freie-berufe.com\/wp-content\/uploads\/13-Wann-ist-ein-Unternehmen-gegruendet-1.pdf\" target=\"_blank\" rel=\"noopener noreferrer\">Nr. 13 Wann ist ein Unternehmen gegr\u00fcndet?<\/a><br \/>\n<a class=\"download\" title=\"Download der Publikation Wichtige Adressen in Kunst und Kultur: Wort\" href=\"https:\/\/www.freie-berufe.com\/wp-content\/uploads\/15-Wichtige-Adressen-Wort.pdf\" target=\"_blank\" rel=\"noopener noreferrer\">Nr. 15 Wichtige Adressen in Kunst und Kultur: Wort<\/a><br \/>\n<a class=\"download\" title=\"Download der Publikation Wichtige Adressen in Kunst und Kultur: Musik\" href=\"https:\/\/www.freie-berufe.com\/wp-content\/uploads\/16-Wichtige-Adressen-Musik-1.pdf\" target=\"_blank\" rel=\"noopener noreferrer\">Nr. 16 Wichtige Adressen in Kunst und Kultur: Musik<\/a><br \/>\n<a class=\"download\" title=\"Download der Publikation Wichtige Adressen in Kunst und Kultur: Bildende Kunst und Design\" href=\"https:\/\/www.freie-berufe.com\/wp-content\/uploads\/17-Wichtige-Adressen-Bildende-Kunst-und-Design-1.pdf\" target=\"_blank\" rel=\"noopener noreferrer\">Nr. 17 Wichtige Adressen in Kunst und Kultur: Bildende Kunst und Design<\/a><br \/>\n<a class=\"download\" title=\"Download der Publikation Wichtige Adressen in Kunst und Kultur: Darstellende Kunst\" href=\"https:\/\/www.freie-berufe.com\/wp-content\/uploads\/18-Wichtige-Adressen-Darstellende-Kunst-1.pdf\" target=\"_blank\" rel=\"noopener noreferrer\">Nr. 18 Wichtige Adressen in Kunst und Kultur: Darstellende Kunst<\/a><br \/>\n<a class=\"download\" title=\"Download der Publikation Literaturtipps f\u00fcr K\u00fcnstler und Publizisten\" href=\"https:\/\/www.freie-berufe.com\/wp-content\/uploads\/19-Literaturtipps-f\u00fcr-Existenzgr\u00fcnder-in-Kultur-und-Medienberufen-1.pdf\" target=\"_blank\" rel=\"noopener noreferrer\">Nr. 19 Literaturtipps f\u00fcr K\u00fcnstler und Publizisten<\/a><br \/>\n<a class=\"download\" title=\"Download der Publikation Werbung: Gesundheitsberufe\" href=\"https:\/\/www.freie-berufe.com\/wp-content\/uploads\/20-Werbung-in-Gesundheitsberufen-Wie-d\u00fcrfen-Heilberufe-werben-1.pdf\" target=\"_blank\" rel=\"noopener noreferrer\">Nr. 20 Werbung: Gesundheitsberufe<\/a><br \/>\n<a href=\"https:\/\/www.freie-berufe.com\/wp-content\/uploads\/21-Werbung-bei-\u00c4rzten_was-ist-erlaubt-1.pdf\" target=\"_blank\" rel=\"noopener\">Nr. 21 Werbung: \u00c4rzte<\/a><br \/>\n<a class=\"download\" title=\"Download der Publikation Berufsunfallversicherung\" href=\"https:\/\/www.freie-berufe.com\/wp-content\/uploads\/30-Berufsunfallversicherung_Sind-Selbstst\u00e4ndige-unfallversicherungspflichtig-1.pdf\" target=\"_blank\" rel=\"noopener noreferrer\">Nr. 30 Berufsunfallversicherung der Freien Berufe<\/a><br \/>\n<a class=\"download\" title=\"Download der Publikation Vom Gesch\u00e4ftsbrief zur Buchf\u00fchrung\" href=\"https:\/\/www.freie-berufe.com\/wp-content\/uploads\/31-Vom-Gesch\u00e4ftsbrief-zur-Buchf\u00fchrung_wie-schreibe-ich-eine-Rechnung-1.pdf\" target=\"_blank\" rel=\"noopener noreferrer\">Nr. 31 Vom Gesch\u00e4ftsbrief zur Buchf\u00fchrung (Eine Orientierungshilfe f\u00fcr Freiberufler)<\/a><br \/>\n<a class=\"download\" title=\"Download der Publikation Wie darf man sein Unternehmen nennen?\" href=\"https:\/\/www.freie-berufe.com\/wp-content\/uploads\/32-Unternehmensbezeichnung_Wie-darf-ich-mein-Unternehmen-nennen-1.pdf\" target=\"_blank\" rel=\"noopener noreferrer\">Nr. 32 Wie darf man sein Unternehmen nennen?<\/a><br \/>\n<a href=\"https:\/\/www.freie-berufe.com\/wp-content\/uploads\/50-Rentenversicherung_bin-ich-rentenversicherungspflichtig-1.pdf\" target=\"_blank\" rel=\"noopener\">Nr. 50 Rentenversicherung<\/a><\/p>\n<h3>Publications<\/h3>\n<p class=\"bodytext\"><a class=\"download\" title=\"Initiates file download\" href=\"https:\/\/www.freie-berufe.com\/produkt-kategorie\/sonstige-themen-zu-freien-berufen\/\" target=\"_blank\" rel=\"noopener noreferrer\">KS Nr.03: Freier Beruf oder Gewerbe? (2011)<\/a> (\u20ac 19,00)<br \/>\n<a class=\"download\" title=\"Initiates file download\" href=\"https:\/\/www.freie-berufe.com\/produkt-kategorie\/rechtsanwaelte\/\" target=\"_blank\" rel=\"noopener noreferrer\">Band 38: Erfolgreich selbstst\u00e4ndig als Anwalt. Ein Handbuch f\u00fcr Gr\u00fcnder und Fortgeschrittene (2016)<\/a><br \/>\n(\u20ac 13,90)<\/p>\n<\/div><\/div><\/div><\/div><\/div><\/div><\/section><section class=\"l-section wpb_row height_medium\"><div class=\"l-section-h i-cf\"><div class=\"g-cols vc_row via_grid cols_1 laptops-cols_inherit tablets-cols_inherit mobiles-cols_1 valign_top type_default stacking_default\"><div class=\"wpb_column vc_column_container\"><div class=\"vc_column-inner\"><div class=\"wpb_text_column\"><div class=\"wpb_wrapper\"><\/div><\/div><\/div><\/div><\/div><\/div><\/section><section class=\"l-section wpb_row height_medium\"><div class=\"l-section-h i-cf\"><div class=\"g-cols vc_row via_grid cols_1 laptops-cols_inherit tablets-cols_inherit mobiles-cols_1 valign_top type_default stacking_default\"><div class=\"wpb_column vc_column_container\"><div class=\"vc_column-inner\"><div class=\"wpb_text_column\"><div class=\"wpb_wrapper\"><\/div><\/div><\/div><\/div><\/div><\/div><\/section>\n","protected":false},"excerpt":{"rendered":"Downloads \/ Start-up information Start-up counselling FAQ &#8211; Ihre Fragen zum IFB-Beratungsangebot Hier finden Sie die Antworten Businessplan Finanz- und Liquidit\u00e4tsplan zum Ausf\u00fcllen Finanz- und Liquidit\u00e4tsplan zum Ausf\u00fcllen f\u00fcr Kleinunternehmer Financial and liquidity plan in english Financial and liquidity plan for small-scale entrepreneurs in english Einf\u00fchrung: Gr\u00fcndung in den freien Berufen Checklist start-up grant Start-up...","protected":false},"author":4,"featured_media":0,"parent":817,"menu_order":0,"comment_status":"closed","ping_status":"closed","template":"","meta":{"footnotes":""},"class_list":["post-822","page","type-page","status-publish","hentry"],"_links":{"self":[{"href":"https:\/\/www.freie-berufe.com\/en\/wp-json\/wp\/v2\/pages\/822","targetHints":{"allow":["GET"]}}],"collection":[{"href":"https:\/\/www.freie-berufe.com\/en\/wp-json\/wp\/v2\/pages"}],"about":[{"href":"https:\/\/www.freie-berufe.com\/en\/wp-json\/wp\/v2\/types\/page"}],"author":[{"embeddable":true,"href":"https:\/\/www.freie-berufe.com\/en\/wp-json\/wp\/v2\/users\/4"}],"replies":[{"embeddable":true,"href":"https:\/\/www.freie-berufe.com\/en\/wp-json\/wp\/v2\/comments?post=822"}],"version-history":[{"count":3,"href":"https:\/\/www.freie-berufe.com\/en\/wp-json\/wp\/v2\/pages\/822\/revisions"}],"predecessor-version":[{"id":37001,"href":"https:\/\/www.freie-berufe.com\/en\/wp-json\/wp\/v2\/pages\/822\/revisions\/37001"}],"up":[{"embeddable":true,"href":"https:\/\/www.freie-berufe.com\/en\/wp-json\/wp\/v2\/pages\/817"}],"wp:attachment":[{"href":"https:\/\/www.freie-berufe.com\/en\/wp-json\/wp\/v2\/media?parent=822"}],"curies":[{"name":"wp","href":"https:\/\/api.w.org\/{rel}","templated":true}]}}