{"id":828,"date":"2015-11-02T08:50:57","date_gmt":"2015-11-02T07:50:57","guid":{"rendered":"http:\/\/eidmueller.kundendemo.com\/impressum\/?lang=en"},"modified":"2025-01-13T09:24:07","modified_gmt":"2025-01-13T08:24:07","slug":"impressum","status":"publish","type":"page","link":"https:\/\/www.freie-berufe.com\/en\/impressum\/","title":{"rendered":"Impressum"},"content":{"rendered":"<section class=\"l-section wpb_row height_medium\"><div class=\"l-section-h i-cf\"><div class=\"g-cols vc_row via_grid cols_1 laptops-cols_inherit tablets-cols_inherit mobiles-cols_1 valign_top type_default stacking_default\"><div class=\"wpb_column vc_column_container\"><div class=\"vc_column-inner\"><div class=\"wpb_text_column\"><div class=\"wpb_wrapper\"><h1 class=\"title_h1\">ANBIETERKENNZEICHNUNG NACH \u00a7 5 TMG, 55 RSTV<\/h1>\n<\/div><\/div><div class=\"wpb_text_column justify\"><div class=\"wpb_wrapper\"><h6><strong>Herausgeber<\/strong><\/h6>\n<p><em>Institut f\u00fcr Freie Berufe an der Friedrich-Alexander-Universit\u00e4t Erlangen-N\u00fcrnberg <\/em><\/p>\n<h6><strong>Gesch\u00e4ftsf\u00fchrung<\/strong><\/h6>\n<p>Gesch\u00e4ftsf\u00fchrerin<br \/>\nBirgit Kurz, Dipl.-Sozialwirtin (Univ.)<br \/>\nE-Mail: <a href=\"mailto:birgit.kurz@ifb.uni-erlangen.de\">birgit.kurz@ifb.uni-erlangen.de<\/a><\/p>\n<p>Stellvertretender Gesch\u00e4ftsf\u00fchrer<br \/>\nDr. Stefan Zapfel<\/p>\n<h6><strong>Tr\u00e4ger des Instituts f\u00fcr Freie Berufe an der Friedrich-Alexander-Universit\u00e4t Erlangen-N\u00fcrnberg <\/strong><\/h6>\n<p>Institut f\u00fcr Freie Berufe an der Friedrich-Alexander-Universit\u00e4t Erlangen-N\u00fcrnberg e.V., vertreten durch den Vorsitzenden des Vorstands Herrn Dr. Thomas Kuhn.<br \/>\nVereinsregister: Amtsgericht N\u00fcrnberg VR 841<\/p>\n<h6><strong>Kontakt<\/strong><\/h6>\n<p>Institut f\u00fcr Freie Berufe an der Friedrich-Alexander-Universit\u00e4t Erlangen-N\u00fcrnberg<br \/>\nMarienstr. 2<br \/>\n90402 N\u00fcrnberg<br \/>\nTelefon: +49 911 23 565 28<br \/>\nFax: +49 911 23 565 52<br \/>\nE-Mail: info@ifb.uni-erlangen.de<\/p>\n<h6><strong>Zust\u00e4ndige Aufsichtsbeh\u00f6rde<\/strong><\/h6>\n<p>Bayerisches Staatsministerium f\u00fcr Wissenschaft und Kunst<br \/>\nSalvatorstra\u00dfe 2<br \/>\n80327 M\u00fcnchen<\/p>\n<p>Webseite: https:\/\/www.km.bayern.de\/<\/p>\n<h6><strong>Identifikationsnummern<\/strong><\/h6>\n<h6>USt-.Ident.Nr.: DE 133548511<\/h6>\n<h6>Finanzamt N\u00fcrnberg Steuernummer 241\/109\/20276<\/h6>\n<p>&nbsp;<\/p>\n<p>&nbsp;<\/p>\n<h6><strong>Sicherheitsvorf\u00e4lle<\/strong><\/h6>\n<p><strong>Meldung \u00fcber Missbrauch von Computer- und Netzwerk-Ressourcen<\/strong><\/p>\n<p>Sollte Ihnen irgendeine Form von Missbrauch der Computer- und Netzwerk-Ressourcen am Institut f\u00fcr Freie Berufe an der Friedrich-Alexander-Universit\u00e4t Erlangen-N\u00fcrnberg auffallen, <u>informieren Sie bitte umgehend die Institutsleitung<\/u>.<\/p>\n<p>&nbsp;<\/p>\n<h6><strong>Nutzungsbedingungen<\/strong><\/h6>\n<p>Texte, Bilder, Grafiken sowie die Gestaltung dieser Internetseiten k\u00f6nnen dem Urheberrecht unterliegen.<\/p>\n<p>Nicht urheberrechtlich gesch\u00fctzt sind nach \u00a7 5 des Urheberrechtsgesetz (UrhG)<\/p>\n<ul>\n<li>Gesetze, Verordnungen, amtliche Erlasse und Bekanntmachungen sowie Entscheidungen und amtlich verfasste Leits\u00e4tze zu Entscheidungen und<\/li>\n<li>andere amtliche Werke, die im amtlichen Interesse zur allgemeinen Kenntnisnahme ver\u00f6ffentlicht worden sind, mit der Einschr\u00e4nkung, dass die Bestimmungen \u00fcber \u00c4nderungsverbot und Quellenangabe in \u00a7 62 Abs. 1 bis 3 und \u00a7 63 Abs. 1 und 2 UrhG entsprechend anzuwenden sind.<\/li>\n<\/ul>\n<p>Als Privatperson d\u00fcrfen Sie urheberrechtlich gesch\u00fctztes Material zum privaten und sonstigen eigenen Gebrauch im Rahmen <a href=\"http:\/\/www.gesetze-im-internet.de\/urhg\/__53.html\">des \u00a7 53 Urheberrechtsgesetz (UrhG)<\/a> verwenden. Eine Vervielf\u00e4ltigung oder Verwendung dieser Seiten oder Teilen davon in anderen elektronischen oder gedruckten Publikationen und deren Ver\u00f6ffentlichung ist nur mit unserer schriftlichen Einwilligung gestattet. Diese erteilen auf Anfrage die f\u00fcr den Inhalt Verantwortlichen. Der Nachdruck und die Auswertung von Pressemitteilungen und Reden sind mit Quellenangabe allgemein gestattet.<\/p>\n<p>Weiterhin k\u00f6nnen Texte, Bilder, Grafiken und sonstige Dateien ganz oder teilweise dem Urheberrecht Dritter unterliegen. Auch \u00fcber das Bestehen m\u00f6glicher Rechte Dritter geben Ihnen die f\u00fcr den Inhalt Verantwortlichen n\u00e4here Ausk\u00fcnfte, sofern diese Rechte nicht bereits durch entsprechende Hinweise im Webangebot kenntlich gemacht sind.<\/p>\n<p>&nbsp;<\/p>\n<p><strong>Haftungsausschluss<\/strong><\/p>\n<p>Dieses Impressum gilt f\u00fcr den Webauftritt unter der Adresse:<br \/>\n<em>www.ifb.uni-erlangen.de<\/em><\/p>\n<p>&nbsp;<\/p>\n<p>Alle auf dieser Internetseite bereitgestellten Informationen haben wir nach bestem Wissen und Gewissen erarbeitet und wurden mit gr\u00f6\u00dfter Sorgfalt gepr\u00fcft.<\/p>\n<p>Eine Gew\u00e4hr f\u00fcr die jederzeitige Aktualit\u00e4t, Richtigkeit, Vollst\u00e4ndigkeit und Verf\u00fcgbarkeit der bereit gestellten Informationen k\u00f6nnen wir allerdings nicht \u00fcbernehmen. Ein Vertragsverh\u00e4ltnis mit den Nutzern des Internetangebots kommt nicht zustande.<\/p>\n<p>Wir haften nicht f\u00fcr Sch\u00e4den, die durch die Nutzung dieses Internetangebots entstehen. Dieser Haftungsausschluss gilt nicht, soweit die Vorschriften des \u00a7 839 des B\u00fcrgerlichen Gesetzbuches (Haftung bei Amtspflichtverletzung) einschl\u00e4gig sind. F\u00fcr etwaige Sch\u00e4den, die beim Aufrufen oder Herunterladen von Daten durch Schadsoftware oder der Installation oder Nutzung von Software verursacht werden, wird nicht gehaftet.<br \/>\nAls Diensteanbieter sind wir gem\u00e4\u00df \u00a7 7 Abs.1 TMG f\u00fcr eigene Inhalte auf diesen Seiten nach den allgemeinen Gesetzen verantwortlich. Nach \u00a7\u00a7 8 bis 10 TMG sind wir als Diensteanbieter jedoch nicht verpflichtet, \u00fcbermittelte oder gespeicherte fremde Informationen zu \u00fcberwachen oder nach Umst\u00e4nden zu forschen, die auf eine rechtswidrige T\u00e4tigkeit hinweisen.<br \/>\nVerpflichtungen zur Entfernung oder Sperrung der Nutzung von Informationen nach den allgemeinen Gesetzen bleiben hiervon unber\u00fchrt. Eine diesbez\u00fcgliche Haftung ist jedoch erst ab dem Zeitpunkt der Kenntnis einer konkreten Rechtsverletzung m\u00f6glich. Bei Bekanntwerden von entsprechenden Rechtsverletzungen werden wir diese Inhalte umgehend entfernen.<br \/>\nDer Betreiber beh\u00e4lt es sich ausdr\u00fccklich vor, einzelne Webseiten, Web-Dienste oder das gesamte Angebot ohne gesonderte Ank\u00fcndigung zu ver\u00e4ndern, zu erg\u00e4nzen, zu l\u00f6schen oder die Ver\u00f6ffentlichung zeitweise oder endg\u00fcltig einzustellen.<\/p>\n<p>&nbsp;<\/p>\n<p><strong>Haftung f\u00fcr Links<\/strong><\/p>\n<p>Unser Angebot enth\u00e4lt Links zu externen Websites Dritter, auf deren Inhalte wir keinen Einfluss haben. Deshalb k\u00f6nnen wir f\u00fcr diese fremden Inhalte auch keine Gew\u00e4hr \u00fcbernehmen. F\u00fcr die Inhalte der verlinkten Seiten ist stets der jeweilige Anbieter oder Betreiber der Seiten verantwortlich. Die verlinkten Seiten wurden zum Zeitpunkt der Verlinkung auf m\u00f6gliche Rechtsverst\u00f6\u00dfe \u00fcberpr\u00fcft. Rechtswidrige Inhalte waren zum Zeitpunkt der Verlinkung nicht erkennbar.<br \/>\nEine permanente inhaltliche Kontrolle der verlinkten Seiten ist jedoch ohne konkrete Anhaltspunkte einer Rechtsverletzung nicht zumutbar. Bei Bekanntwerden von Rechtsverletzungen werden wir derartige Links umgehend entfernen.<\/p>\n<\/div><\/div><\/div><\/div><\/div><\/div><\/section>\n","protected":false},"excerpt":{"rendered":"ANBIETERKENNZEICHNUNG NACH \u00a7 5 TMG, 55 RSTV Herausgeber Institut f\u00fcr Freie Berufe an der Friedrich-Alexander-Universit\u00e4t Erlangen-N\u00fcrnberg Gesch\u00e4ftsf\u00fchrung Gesch\u00e4ftsf\u00fchrerin Birgit Kurz, Dipl.-Sozialwirtin (Univ.) E-Mail: birgit.kurz@ifb.uni-erlangen.de Stellvertretender Gesch\u00e4ftsf\u00fchrer Dr. Stefan Zapfel Tr\u00e4ger des Instituts f\u00fcr Freie Berufe an der Friedrich-Alexander-Universit\u00e4t Erlangen-N\u00fcrnberg Institut f\u00fcr Freie Berufe an der Friedrich-Alexander-Universit\u00e4t Erlangen-N\u00fcrnberg e.V., vertreten durch den Vorsitzenden des Vorstands Herrn...","protected":false},"author":4,"featured_media":0,"parent":0,"menu_order":0,"comment_status":"closed","ping_status":"closed","template":"","meta":{"footnotes":""},"class_list":["post-828","page","type-page","status-publish","hentry"],"_links":{"self":[{"href":"https:\/\/www.freie-berufe.com\/en\/wp-json\/wp\/v2\/pages\/828","targetHints":{"allow":["GET"]}}],"collection":[{"href":"https:\/\/www.freie-berufe.com\/en\/wp-json\/wp\/v2\/pages"}],"about":[{"href":"https:\/\/www.freie-berufe.com\/en\/wp-json\/wp\/v2\/types\/page"}],"author":[{"embeddable":true,"href":"https:\/\/www.freie-berufe.com\/en\/wp-json\/wp\/v2\/users\/4"}],"replies":[{"embeddable":true,"href":"https:\/\/www.freie-berufe.com\/en\/wp-json\/wp\/v2\/comments?post=828"}],"version-history":[{"count":0,"href":"https:\/\/www.freie-berufe.com\/en\/wp-json\/wp\/v2\/pages\/828\/revisions"}],"wp:attachment":[{"href":"https:\/\/www.freie-berufe.com\/en\/wp-json\/wp\/v2\/media?parent=828"}],"curies":[{"name":"wp","href":"https:\/\/api.w.org\/{rel}","templated":true}]}}