{"id":840,"date":"2015-12-01T18:07:17","date_gmt":"2015-12-01T17:07:17","guid":{"rendered":"http:\/\/eidmueller.kundendemo.com\/ueber-uns\/mitgliederorganisationen\/?lang=en"},"modified":"2019-10-31T14:07:36","modified_gmt":"2019-10-31T13:07:36","slug":"mitgliederorganisationen","status":"publish","type":"page","link":"https:\/\/www.freie-berufe.com\/en\/ueber-uns\/mitgliederorganisationen\/","title":{"rendered":"Membership Organisations"},"content":{"rendered":"<section class=\"l-section wpb_row height_medium\"><div class=\"l-section-h i-cf\"><div class=\"g-cols vc_row via_grid cols_1 laptops-cols_inherit tablets-cols_inherit mobiles-cols_1 valign_top type_default stacking_default\"><div class=\"wpb_column vc_column_container\"><div class=\"vc_column-inner\"><div class=\"wpb_text_column\"><div class=\"wpb_wrapper\"><h1 class=\"title_h1\">Members of the sponsoring association<\/h1>\n<\/div><\/div><div class=\"wpb_text_column justify\"><div class=\"wpb_wrapper\"><ul>\n<li>Kammern und Verb\u00e4nde der Freien Berufe auf Bundes- und L\u00e4nderebene<\/li>\n<li>Dienstleistungseinrichtungen der und f\u00fcr die Freien Berufe<\/li>\n<\/ul>\n<h4 style=\"text-align: left;\"><strong>Chambers and associations of liberal professions on state and federal level<\/strong><\/h4>\n<ul>\n<li style=\"text-align: left;\">Bayerische Landeskammer der Psychologischen Psychotherapeuten und der Kinder- und Jugendlichenpsychotherapeuten<\/li>\n<li>Bayerische Landes\u00e4rztekammer<\/li>\n<li>Bayerische Landeszahn\u00e4rztekammer<\/li>\n<li>Berufsst\u00e4ndische Kammern auf Bundes- und L\u00e4nderebene<\/li>\n<li>Bundesverband der Freien Berufe<\/li>\n<li>Bundesverband freier Berufsbetreuer e.V.<\/li>\n<li>Bundesingenieurkammer<\/li>\n<li>Bundesnotarkammer<\/li>\n<li>Bundesrechtsanwaltskammer<\/li>\n<li>Bundessteuerberaterkammer<\/li>\n<li>Kassen\u00e4rztliche Vereinigung Bayerns<\/li>\n<li>Landesverband der Freien Berufe Baden-W\u00fcrttemberg e.V.<\/li>\n<li>Landesverband der Freien Berufe in Sachsen e.V.<\/li>\n<li>Landesverband der Freien Berufe in Sachsen-Anhalt e.V.<\/li>\n<li>Landesverband der Freien Berufe in Schleswig-Holstein<\/li>\n<li>Landesverband der Freien Berufe Mecklenburg-Vorpommern<\/li>\n<li>Landesverband der Freien Berufe Th\u00fcringen e.V.<\/li>\n<li>Rechtsanwaltskammer Bamberg<\/li>\n<li>Rechtsanwaltskammer D\u00fcsseldorf<\/li>\n<li>Rechtsanwaltskammer Koblenz<\/li>\n<li>Rechtsanwaltskammer f\u00fcr den OLG-Bezirk M\u00fcnchen<\/li>\n<li>Rechtsanwaltskammer N\u00fcrnberg<\/li>\n<li>Rechtsanwaltskammer Sachsen<\/li>\n<li>Rechtsanwaltskammer T\u00fcbingen<\/li>\n<li>Selbsthilfe der Rechtsanw\u00e4lte e. V. <a href=\"http:\/\/www.selbsthilfe-ra.de\/\" target=\"_blank\" rel=\"noopener\">(www.selbsthilfe-ra.de)<\/a><\/li>\n<li>Steuerberaterkammer M\u00fcnchen<\/li>\n<li>Steuerberaterkammer N\u00fcrnberg<\/li>\n<li>Verband Beratender Ingenieure<\/li>\n<li>Verband der Freien Berufe Berlin e.V.<\/li>\n<li>Verband der Freien Berufe des Saarlandes e.V.<\/li>\n<li>Verband der Freien Berufe im Lande Niedersachsen e.V.<\/li>\n<li>Verband der Restauratoren e.V.<\/li>\n<li>Verband Freier Berufe im Lande Nordrhein-Westfalen e.V.<\/li>\n<li>Verband Freier Berufe in Bayern e.V.<\/li>\n<li>Verband Freier Berufe in der Freien und Hansestadt Hamburg e.V.<\/li>\n<li>Verband Freier Berufe in Hessen<\/li>\n<\/ul>\n<h4 style=\"text-align: left;\"><strong>\u00a0<\/strong><\/h4>\n<h4 style=\"text-align: left;\"><strong>Service institutions of and for liberal professions \/<br \/>\nSponsors of liberal professions<br \/>\n<\/strong><\/h4>\n<ul>\n<li>DATEV e.G.<\/li>\n<li>Deutsche Apotheker- und \u00c4rztebank e.G.<\/li>\n<li>Hans-Neuffer-Stiftung<\/li>\n<\/ul>\n<h4><strong>Supporting members of the sponsoring association<\/strong><\/h4>\n<ul>\n<li>Arbeitsgemeinschaft berufsst\u00e4ndischer Versorgungseinrichtungen e. V.<\/li>\n<li>Bayerische Versorgungskammer<\/li>\n<li>Deutscher \u00c4rzte-Verlag<\/li>\n<li>Kassenzahn\u00e4rztliche Vereinigung Bayerns<\/li>\n<li>Patentanwaltskammer<\/li>\n<\/ul>\n<h4><strong>Honorary member of the association<br \/>\n<\/strong><\/h4>\n<p>Herr Dr. Heinz Sebiger \u271e<br \/>\nGr\u00fcnder und Ehrenvorsitzender der DATEV e.G.<\/p>\n<p>Status: December 2015<\/p>\n<\/div><\/div><\/div><\/div><\/div><\/div><\/section>\n","protected":false},"excerpt":{"rendered":"Members of the sponsoring association Kammern und Verb\u00e4nde der Freien Berufe auf Bundes- und L\u00e4nderebene Dienstleistungseinrichtungen der und f\u00fcr die Freien Berufe Chambers and associations of liberal professions on state and federal level Bayerische Landeskammer der Psychologischen Psychotherapeuten und der Kinder- und Jugendlichenpsychotherapeuten Bayerische Landes\u00e4rztekammer Bayerische Landeszahn\u00e4rztekammer Berufsst\u00e4ndische Kammern auf Bundes- und L\u00e4nderebene Bundesverband der...","protected":false},"author":4,"featured_media":0,"parent":836,"menu_order":0,"comment_status":"closed","ping_status":"closed","template":"","meta":{"footnotes":""},"class_list":["post-840","page","type-page","status-publish","hentry"],"_links":{"self":[{"href":"https:\/\/www.freie-berufe.com\/en\/wp-json\/wp\/v2\/pages\/840","targetHints":{"allow":["GET"]}}],"collection":[{"href":"https:\/\/www.freie-berufe.com\/en\/wp-json\/wp\/v2\/pages"}],"about":[{"href":"https:\/\/www.freie-berufe.com\/en\/wp-json\/wp\/v2\/types\/page"}],"author":[{"embeddable":true,"href":"https:\/\/www.freie-berufe.com\/en\/wp-json\/wp\/v2\/users\/4"}],"replies":[{"embeddable":true,"href":"https:\/\/www.freie-berufe.com\/en\/wp-json\/wp\/v2\/comments?post=840"}],"version-history":[{"count":0,"href":"https:\/\/www.freie-berufe.com\/en\/wp-json\/wp\/v2\/pages\/840\/revisions"}],"up":[{"embeddable":true,"href":"https:\/\/www.freie-berufe.com\/en\/wp-json\/wp\/v2\/pages\/836"}],"wp:attachment":[{"href":"https:\/\/www.freie-berufe.com\/en\/wp-json\/wp\/v2\/media?parent=840"}],"curies":[{"name":"wp","href":"https:\/\/api.w.org\/{rel}","templated":true}]}}