{"id":841,"date":"2015-12-01T18:06:48","date_gmt":"2015-12-01T17:06:48","guid":{"rendered":"http:\/\/eidmueller.kundendemo.com\/ueber-uns\/vorstandorgane\/?lang=en"},"modified":"2024-01-31T12:42:26","modified_gmt":"2024-01-31T11:42:26","slug":"vorstand-organe-2","status":"publish","type":"page","link":"https:\/\/www.freie-berufe.com\/en\/ueber-uns\/vorstand-organe-2\/","title":{"rendered":"Board of Directors \/ Institutions"},"content":{"rendered":"<section class=\"l-section wpb_row height_medium\"><div class=\"l-section-h i-cf\"><div class=\"g-cols vc_row via_grid cols_1 laptops-cols_inherit tablets-cols_inherit mobiles-cols_1 valign_top type_default stacking_default\"><div class=\"wpb_column vc_column_container\"><div class=\"vc_column-inner\"><div class=\"wpb_text_column\"><div class=\"wpb_wrapper\"><h1 class=\"title_h1\">Board of directors \/ Institutions<\/h1>\n<\/div><\/div><div class=\"wpb_text_column justify\"><div class=\"wpb_wrapper\"><h4><strong>Chairman of the Board<br \/>\n<\/strong><\/h4>\n<p style=\"padding-left: 30px;\"><b><strong>Herr Dr. Thomas Kuhn<\/strong><\/b><br \/>\nPr\u00e4sident des Verbandes Freier Berufe in Bayern e.V. (VFB)<br \/>\nVize-Pr\u00e4sident und Schatzmeister der Rechtsanwaltskammer M\u00fcnchen<br \/>\nRechtsanwalt<\/p>\n<h4><strong>Deputy Chairmen<br \/>\n<\/strong><\/h4>\n<p><b><strong>Herr Friedemann Schmidt<\/strong> <\/b><br \/>\nPr\u00e4sident des Bundesverbandes der Freien Berufe<br \/>\nApotheker<\/p>\n<p><b><strong>Herr Dr. Thomas Remmers<br \/>\n<\/strong><\/b>Vize-Pr\u00e4sident der Bundesrechtsanwaltskammer<br \/>\nRechtsanwalt und Notar<\/p>\n<p><strong>Herr Dr. med. dent. R\u00fcdiger Schott<\/strong><br \/>\nVize-Pr\u00e4sident der Bayerischen Landeszahn\u00e4rztekammer<br \/>\nZahnarzt<\/p>\n<p><b><strong>Herr Dr. Dieter Mehnert<\/strong><br \/>\n<\/b>Pr\u00e4sident der Steuerberaterkammer N\u00fcrnberg<br \/>\nWirtschaftspr\u00fcfer und Steuerberater<\/p>\n<p><b><strong>Herr Prof. Dr.-Ing. Joachim Hornegger<\/strong><\/b><br \/>\nPr\u00e4sident der Friedrich-Alexander-Universit\u00e4t Erlangen-N\u00fcrnberg<\/p>\n<p style=\"padding-left: 30px;\"><b><strong>\u00a0<\/strong><\/b><\/p>\n<\/div><\/div><\/div><\/div><\/div><\/div><\/section><section class=\"l-section wpb_row height_medium\"><div class=\"l-section-h i-cf\"><div class=\"g-cols vc_row via_grid cols_1 laptops-cols_inherit tablets-cols_inherit mobiles-cols_1 valign_top type_default stacking_default\"><div class=\"wpb_column vc_column_container\"><div class=\"vc_column-inner\"><div class=\"wpb_text_column\"><div class=\"wpb_wrapper\"><p><a href=\"https:\/\/www.freie-berufe.com\/wp-content\/uploads\/2024_Organigramm-IFB.pdf\">Organigram<\/a> of the Institute of Liberal Professions at the Friedrich-Alexander-University Erlangen-Nuremberg<\/p>\n<\/div><\/div><\/div><\/div><\/div><\/div><\/section>\n","protected":false},"excerpt":{"rendered":"Board of directors \/ Institutions Chairman of the Board Herr Dr. Thomas Kuhn Pr\u00e4sident des Verbandes Freier Berufe in Bayern e.V. (VFB) Vize-Pr\u00e4sident und Schatzmeister der Rechtsanwaltskammer M\u00fcnchen Rechtsanwalt Deputy Chairmen Herr Friedemann Schmidt Pr\u00e4sident des Bundesverbandes der Freien Berufe Apotheker Herr Dr. Thomas Remmers Vize-Pr\u00e4sident der Bundesrechtsanwaltskammer Rechtsanwalt und Notar Herr Dr. med. dent....","protected":false},"author":4,"featured_media":0,"parent":836,"menu_order":0,"comment_status":"closed","ping_status":"closed","template":"","meta":{"footnotes":""},"class_list":["post-841","page","type-page","status-publish","hentry"],"_links":{"self":[{"href":"https:\/\/www.freie-berufe.com\/en\/wp-json\/wp\/v2\/pages\/841","targetHints":{"allow":["GET"]}}],"collection":[{"href":"https:\/\/www.freie-berufe.com\/en\/wp-json\/wp\/v2\/pages"}],"about":[{"href":"https:\/\/www.freie-berufe.com\/en\/wp-json\/wp\/v2\/types\/page"}],"author":[{"embeddable":true,"href":"https:\/\/www.freie-berufe.com\/en\/wp-json\/wp\/v2\/users\/4"}],"replies":[{"embeddable":true,"href":"https:\/\/www.freie-berufe.com\/en\/wp-json\/wp\/v2\/comments?post=841"}],"version-history":[{"count":0,"href":"https:\/\/www.freie-berufe.com\/en\/wp-json\/wp\/v2\/pages\/841\/revisions"}],"up":[{"embeddable":true,"href":"https:\/\/www.freie-berufe.com\/en\/wp-json\/wp\/v2\/pages\/836"}],"wp:attachment":[{"href":"https:\/\/www.freie-berufe.com\/en\/wp-json\/wp\/v2\/media?parent=841"}],"curies":[{"name":"wp","href":"https:\/\/api.w.org\/{rel}","templated":true}]}}